{"id":2442,"date":"2025-02-18T16:30:30","date_gmt":"2025-02-18T16:30:30","guid":{"rendered":"https:\/\/www.seriesseservice.com\/?page_id=2442"},"modified":"2025-02-18T16:57:45","modified_gmt":"2025-02-18T16:57:45","slug":"bentley-bentayga","status":"publish","type":"page","link":"https:\/\/www.seriesseservice.com\/it\/luxury-suv\/bentley-bentayga\/","title":{"rendered":"Bentley Bentayga"},"content":{"rendered":"<div id=\"pl-2442\"  class=\"panel-layout\" ><div id=\"pg-2442-0\"  class=\"panel-grid panel-has-style\" ><div class=\"panel-row-style panel-row-style-for-2442-0\" ><div id=\"pgc-2442-0-0\"  class=\"panel-grid-cell\" ><div id=\"panel-2442-0-0-0\" class=\"so-panel widget widget_text panel-first-child panel-last-child\" data-index=\"0\" ><div class=\"panel-widget-style panel-widget-style-for-2442-0-0-0\" >\t\t\t<div class=\"textwidget\"><h1 style=\"text-align: center;\">Bentley Bentayga<\/h1>\n<\/div>\n\t\t<\/div><\/div><\/div><\/div><\/div><div id=\"pg-2442-1\"  class=\"panel-grid panel-no-style\" ><div id=\"pgc-2442-1-0\"  class=\"panel-grid-cell\" ><div id=\"panel-2442-1-0-0\" class=\"so-panel widget widget_sow-slider panel-first-child panel-last-child\" data-index=\"1\" ><div\n\t\t\t\n\t\t\tclass=\"so-widget-sow-slider so-widget-sow-slider-default-6d39609536fd-2442\"\n\t\t\t\n\t\t>\t\t\t\t<div class=\"sow-slider-base\" style=\"display: none\" tabindex=\"0\">\n\t\t\t\t\t<ul\n\t\t\t\t\tclass=\"sow-slider-images\"\n\t\t\t\t\tdata-settings=\"{&quot;pagination&quot;:true,&quot;speed&quot;:400,&quot;timeout&quot;:8000,&quot;paused&quot;:true,&quot;pause_on_hover&quot;:false,&quot;swipe&quot;:true,&quot;nav_always_show_desktop&quot;:&quot;&quot;,&quot;nav_always_show_mobile&quot;:&quot;&quot;,&quot;breakpoint&quot;:&quot;780px&quot;,&quot;unmute&quot;:false,&quot;anchor&quot;:null}\"\n\t\t\t\t\t\t\t\t\t\tdata-anchor-id=\"\"\n\t\t\t\t>\t\t<li class=\"sow-slider-image\" style=\"visibility: visible;\" >\n\t\t\t\t\t\t<img loading=\"lazy\" decoding=\"async\" width=\"1179\" height=\"869\" src=\"https:\/\/www.seriesseservice.com\/wp-content\/uploads\/2025\/02\/bentley-bentayga-1.jpg\" class=\"sow-slider-background-image\" alt=\"bentley bentayga\" style=\"\" srcset=\"https:\/\/www.seriesseservice.com\/wp-content\/uploads\/2025\/02\/bentley-bentayga-1.jpg 1179w, https:\/\/www.seriesseservice.com\/wp-content\/uploads\/2025\/02\/bentley-bentayga-1-300x221.jpg 300w, https:\/\/www.seriesseservice.com\/wp-content\/uploads\/2025\/02\/bentley-bentayga-1-1024x755.jpg 1024w, https:\/\/www.seriesseservice.com\/wp-content\/uploads\/2025\/02\/bentley-bentayga-1-768x566.jpg 768w, https:\/\/www.seriesseservice.com\/wp-content\/uploads\/2025\/02\/bentley-bentayga-1-750x553.jpg 750w\" sizes=\"auto, (max-width: 1179px) 100vw, 1179px\" \/>\t\t<\/li>\n\t\t\t\t<li class=\"sow-slider-image\" style=\"visibility: hidden;\" >\n\t\t\t\t\t\t<img loading=\"lazy\" decoding=\"async\" width=\"1179\" height=\"875\" src=\"https:\/\/www.seriesseservice.com\/wp-content\/uploads\/2025\/02\/bentley-bentayga-2.jpg\" class=\"sow-slider-background-image\" alt=\"bentley bentayga retro\" style=\"\" srcset=\"https:\/\/www.seriesseservice.com\/wp-content\/uploads\/2025\/02\/bentley-bentayga-2.jpg 1179w, https:\/\/www.seriesseservice.com\/wp-content\/uploads\/2025\/02\/bentley-bentayga-2-300x223.jpg 300w, https:\/\/www.seriesseservice.com\/wp-content\/uploads\/2025\/02\/bentley-bentayga-2-1024x760.jpg 1024w, https:\/\/www.seriesseservice.com\/wp-content\/uploads\/2025\/02\/bentley-bentayga-2-768x570.jpg 768w, https:\/\/www.seriesseservice.com\/wp-content\/uploads\/2025\/02\/bentley-bentayga-2-750x557.jpg 750w\" sizes=\"auto, (max-width: 1179px) 100vw, 1179px\" \/>\t\t<\/li>\n\t\t\t\t<li class=\"sow-slider-image\" style=\"visibility: hidden;\" >\n\t\t\t\t\t\t<img loading=\"lazy\" decoding=\"async\" width=\"1179\" height=\"776\" src=\"https:\/\/www.seriesseservice.com\/wp-content\/uploads\/2025\/02\/bentley-bentayga-3.jpg\" class=\"sow-slider-background-image\" alt=\"bentley bentayga interni\" style=\"\" srcset=\"https:\/\/www.seriesseservice.com\/wp-content\/uploads\/2025\/02\/bentley-bentayga-3.jpg 1179w, https:\/\/www.seriesseservice.com\/wp-content\/uploads\/2025\/02\/bentley-bentayga-3-300x197.jpg 300w, https:\/\/www.seriesseservice.com\/wp-content\/uploads\/2025\/02\/bentley-bentayga-3-1024x674.jpg 1024w, https:\/\/www.seriesseservice.com\/wp-content\/uploads\/2025\/02\/bentley-bentayga-3-768x505.jpg 768w, https:\/\/www.seriesseservice.com\/wp-content\/uploads\/2025\/02\/bentley-bentayga-3-750x494.jpg 750w\" sizes=\"auto, (max-width: 1179px) 100vw, 1179px\" \/>\t\t<\/li>\n\t\t<\/ul>\t\t\t\t<ol class=\"sow-slider-pagination\">\n\t\t\t\t\t\t\t\t\t\t\t<li><a href=\"#\" data-goto=\"0\" aria-label=\"Display slide 1\"><\/a><\/li>\n\t\t\t\t\t\t\t\t\t\t\t<li><a href=\"#\" data-goto=\"1\" aria-label=\"Display slide 2\"><\/a><\/li>\n\t\t\t\t\t\t\t\t\t\t\t<li><a href=\"#\" data-goto=\"2\" aria-label=\"Display slide 3\"><\/a><\/li>\n\t\t\t\t\t\t\t\t\t<\/ol>\n\n\t\t\t\t<div class=\"sow-slide-nav sow-slide-nav-next\">\n\t\t\t\t\t<a href=\"#\" data-goto=\"next\" aria-label=\"Next slide\" data-action=\"next\">\n\t\t\t\t\t\t<em class=\"sow-sld-icon-thin-right\"><\/em>\n\t\t\t\t\t<\/a>\n\t\t\t\t<\/div>\n\n\t\t\t\t<div class=\"sow-slide-nav sow-slide-nav-prev\">\n\t\t\t\t\t<a href=\"#\" data-goto=\"previous\" aria-label=\"Previous slide\" data-action=\"prev\">\n\t\t\t\t\t\t<em class=\"sow-sld-icon-thin-left\"><\/em>\n\t\t\t\t\t<\/a>\n\t\t\t\t<\/div>\n\t\t\t\t<\/div><\/div><\/div><\/div><div id=\"pgc-2442-1-1\"  class=\"panel-grid-cell\" ><div id=\"panel-2442-1-1-0\" class=\"so-panel widget widget_sow-editor panel-first-child\" data-index=\"2\" ><div\n\t\t\t\n\t\t\tclass=\"so-widget-sow-editor so-widget-sow-editor-base\"\n\t\t\t\n\t\t>\n<div class=\"siteorigin-widget-tinymce textwidget\">\n\t<h2 style=\"text-align: center; font-size: 25px;\">Specifiche veicolo<\/h2>\n<\/div>\n<\/div><\/div><div id=\"panel-2442-1-1-1\" class=\"so-panel widget widget_sow-button\" data-index=\"3\" ><div class=\"panel-widget-style panel-widget-style-for-2442-1-1-1\" ><div\n\t\t\t\n\t\t\tclass=\"so-widget-sow-button so-widget-sow-button-wire-ff0007ec3c9f-2442\"\n\t\t\t\n\t\t><div class=\"ow-button-base ow-button-align-justify\"\n style=\"display: block;\">\n\t\t\t<a\n\t\t\t\tclass=\"sowb-button ow-icon-placement-left\" \t>\n\t\t<span>\n\t\t\t<span class=\"sow-icon-materialicons sowm-regular\" data-sow-icon=\"&#xf05e\"\n\t\tstyle=\"color: #a3a3a3\" \n\t\taria-hidden=\"true\"><\/span>\n\t\t\t<span style=\"color:#000000\"><b>Motore:<\/b> 3.996 cc<\/span>\t\t<\/span>\n\t\t\t<\/a>\n\t<\/div>\n<\/div><\/div><\/div><div id=\"panel-2442-1-1-2\" class=\"so-panel widget widget_sow-button\" data-index=\"4\" ><div class=\"panel-widget-style panel-widget-style-for-2442-1-1-2\" ><div\n\t\t\t\n\t\t\tclass=\"so-widget-sow-button so-widget-sow-button-wire-ff0007ec3c9f-2442\"\n\t\t\t\n\t\t><div class=\"ow-button-base ow-button-align-justify\"\n style=\"display: block;\">\n\t\t\t<a\n\t\t\t\tclass=\"sowb-button ow-icon-placement-left\" \t>\n\t\t<span>\n\t\t\t<span class=\"sow-icon-materialicons sowm-regular\" data-sow-icon=\"&#xeb9b\"\n\t\tstyle=\"color: #a3a3a3\" \n\t\taria-hidden=\"true\"><\/span>\n\t\t\t<span style=\"color:#000000\"><b>Potenza:<\/b> 543 cv<\/span>\t\t<\/span>\n\t\t\t<\/a>\n\t<\/div>\n<\/div><\/div><\/div><div id=\"panel-2442-1-1-3\" class=\"so-panel widget widget_sow-button\" data-index=\"5\" ><div class=\"panel-widget-style panel-widget-style-for-2442-1-1-3\" ><div\n\t\t\t\n\t\t\tclass=\"so-widget-sow-button so-widget-sow-button-wire-ff0007ec3c9f-2442\"\n\t\t\t\n\t\t><div class=\"ow-button-base ow-button-align-justify\"\n style=\"display: block;\">\n\t\t\t<a\n\t\t\t\tclass=\"sowb-button ow-icon-placement-left\" \t>\n\t\t<span>\n\t\t\t<span class=\"sow-icon-materialicons sowm-regular\" data-sow-icon=\"&#xea5d\"\n\t\tstyle=\"color: #a3a3a3\" \n\t\taria-hidden=\"true\"><\/span>\n\t\t\t<span style=\"color:#000000\"><b>0-100 Km\/h:<\/b> 4.5 sec<\/span>\t\t<\/span>\n\t\t\t<\/a>\n\t<\/div>\n<\/div><\/div><\/div><div id=\"panel-2442-1-1-4\" class=\"so-panel widget widget_sow-button\" data-index=\"6\" ><div class=\"panel-widget-style panel-widget-style-for-2442-1-1-4\" ><div\n\t\t\t\n\t\t\tclass=\"so-widget-sow-button so-widget-sow-button-wire-ff0007ec3c9f-2442\"\n\t\t\t\n\t\t><div class=\"ow-button-base ow-button-align-justify\"\n style=\"display: block;\">\n\t\t\t<a\n\t\t\t\tclass=\"sowb-button ow-icon-placement-left\" \t>\n\t\t<span>\n\t\t\t<span class=\"sow-icon-materialicons sowm-regular\" data-sow-icon=\"&#xe640\"\n\t\tstyle=\"color: #a3a3a3\" \n\t\taria-hidden=\"true\"><\/span>\n\t\t\t<span style=\"color:#000000\"><b>Velocit\u00e0 max:<\/b> 290 Km\/h<\/span>\t\t<\/span>\n\t\t\t<\/a>\n\t<\/div>\n<\/div><\/div><\/div><div id=\"panel-2442-1-1-5\" class=\"so-panel widget widget_sow-editor\" data-index=\"7\" ><div class=\"so-rounded panel-widget-style panel-widget-style-for-2442-1-1-5\" ><div\n\t\t\t\n\t\t\tclass=\"so-widget-sow-editor so-widget-sow-editor-base\"\n\t\t\t\n\t\t>\n<div class=\"siteorigin-widget-tinymce textwidget\">\n\t<p style=\"text-align: center;\">Prezzo da <strong><span style=\"font-size: 30px; color: #8a9597;\">\u20ac 1.200<\/span><\/strong> per giorno<\/p>\n<\/div>\n<\/div><\/div><\/div><div id=\"panel-2442-1-1-6\" class=\"so-panel widget widget_sow-button panel-last-child\" data-index=\"8\" ><div class=\"panel-widget-style panel-widget-style-for-2442-1-1-6\" ><div\n\t\t\t\n\t\t\tclass=\"so-widget-sow-button so-widget-sow-button-flat-349de81cd1db-2442\"\n\t\t\t\n\t\t><div class=\"ow-button-base ow-button-align-center\"\n>\n\t\t\t<a\n\t\t\t\t\thref=\"https:\/\/wa.me\/393405865353\"\n\t\t\t\t\tclass=\"sowb-button ow-icon-placement-left ow-button-hover\" target=\"_blank\" rel=\"noopener noreferrer\" \t>\n\t\t<span>\n\t\t\t\n\t\t\tCHIEDI PREVENTIVO\t\t<\/span>\n\t\t\t<\/a>\n\t<\/div>\n<\/div><\/div><\/div><\/div><\/div><div id=\"pg-2442-2\"  class=\"panel-grid panel-has-style\" ><div class=\"panel-row-style panel-row-style-for-2442-2\" ><div id=\"pgc-2442-2-0\"  class=\"panel-grid-cell\" ><div id=\"panel-2442-2-0-0\" class=\"so-panel widget widget_sow-editor panel-first-child panel-last-child\" data-index=\"9\" ><div class=\"so-rounded panel-widget-style panel-widget-style-for-2442-2-0-0\" ><div\n\t\t\t\n\t\t\tclass=\"so-widget-sow-editor so-widget-sow-editor-base\"\n\t\t\t\n\t\t>\n<div class=\"siteorigin-widget-tinymce textwidget\">\n\t<p>La Bentley Bentayga \u00e8 l'emblema del lusso e della potenza su quattro ruote. Con un motore da 3996 cc e 549 cavalli, sprigiona un'accelerazione mozzafiato, raggiungendo i 290 km\/h con eleganza impareggiabile.<\/p>\n<p>Ogni dettaglio \u00e8 curato per offrire comfort esclusivo e tecnologia all'avanguardia. Guidare una Bentayga significa distinguersi, vivendo un'esperienza di prestigio senza compromessi.<\/p>\n<p>\u00c8 molto pi\u00f9 di un SUV: \u00e8 un simbolo di eccellenza.<\/p>\n<\/div>\n<\/div><\/div><\/div><\/div><\/div><\/div><\/div>","protected":false},"excerpt":{"rendered":"<p>Bentley Bentayga Specifiche veicolo Prezzo da \u20ac 1.200 per giorno<\/p>\n","protected":false},"author":1,"featured_media":2434,"parent":135,"menu_order":0,"comment_status":"closed","ping_status":"closed","template":"","meta":{"footnotes":""},"class_list":["post-2442","page","type-page","status-publish","has-post-thumbnail","hentry"],"yoast_head":"<!-- This site is optimized with the Yoast SEO plugin v27.4 - https:\/\/yoast.com\/product\/yoast-seo-wordpress\/ -->\n<title>Noleggio Bentley Bentayga | SeriesseService<\/title>\n<meta name=\"description\" content=\"Con un motore da 3996 cc e 549 cavalli, sprigiona un&#039;accelerazione mozzafiato, raggiungendo i 290 km\/h con eleganza impareggiabile.\" \/>\n<meta name=\"robots\" content=\"index, follow, max-snippet:-1, max-image-preview:large, max-video-preview:-1\" \/>\n<link rel=\"canonical\" href=\"https:\/\/www.seriesseservice.com\/it\/luxury-suv\/bentley-bentayga\/\" \/>\n<meta property=\"og:locale\" content=\"it_IT\" \/>\n<meta property=\"og:type\" content=\"article\" \/>\n<meta property=\"og:title\" content=\"Nolegio Bentley Bentayga\" \/>\n<meta property=\"og:description\" content=\"Con un motore da 3996 cc e 549 cavalli, sprigiona un&#039;accelerazione mozzafiato, raggiungendo i 290 km\/h con eleganza impareggiabile.\" \/>\n<meta property=\"og:url\" content=\"https:\/\/www.seriesseservice.com\/it\/luxury-suv\/bentley-bentayga\/\" \/>\n<meta property=\"og:site_name\" content=\"SeriesseService\" \/>\n<meta property=\"article:modified_time\" content=\"2025-02-18T16:57:45+00:00\" \/>\n<meta property=\"og:image\" content=\"https:\/\/www.seriesseservice.com\/wp-content\/uploads\/2025\/02\/bentley-bentayga.jpg\" \/>\n\t<meta property=\"og:image:width\" content=\"1170\" \/>\n\t<meta property=\"og:image:height\" content=\"780\" \/>\n\t<meta property=\"og:image:type\" content=\"image\/jpeg\" \/>\n<meta name=\"twitter:card\" content=\"summary_large_image\" \/>\n<meta name=\"twitter:label1\" content=\"Tempo di lettura stimato\" \/>\n\t<meta name=\"twitter:data1\" content=\"2 minuti\" \/>\n<script type=\"application\/ld+json\" class=\"yoast-schema-graph\">{\"@context\":\"https:\\\/\\\/schema.org\",\"@graph\":[{\"@type\":\"WebPage\",\"@id\":\"https:\\\/\\\/www.seriesseservice.com\\\/it\\\/luxury-suv\\\/bentley-bentayga\\\/\",\"url\":\"https:\\\/\\\/www.seriesseservice.com\\\/it\\\/luxury-suv\\\/bentley-bentayga\\\/\",\"name\":\"Noleggio Bentley Bentayga | SeriesseService\",\"isPartOf\":{\"@id\":\"https:\\\/\\\/www.seriesseservice.com\\\/it\\\/#website\"},\"primaryImageOfPage\":{\"@id\":\"https:\\\/\\\/www.seriesseservice.com\\\/it\\\/luxury-suv\\\/bentley-bentayga\\\/#primaryimage\"},\"image\":{\"@id\":\"https:\\\/\\\/www.seriesseservice.com\\\/it\\\/luxury-suv\\\/bentley-bentayga\\\/#primaryimage\"},\"thumbnailUrl\":\"https:\\\/\\\/www.seriesseservice.com\\\/wp-content\\\/uploads\\\/2025\\\/02\\\/bentley-bentayga.jpg\",\"datePublished\":\"2025-02-18T16:30:30+00:00\",\"dateModified\":\"2025-02-18T16:57:45+00:00\",\"description\":\"Con un motore da 3996 cc e 549 cavalli, sprigiona un'accelerazione mozzafiato, raggiungendo i 290 km\\\/h con eleganza impareggiabile.\",\"breadcrumb\":{\"@id\":\"https:\\\/\\\/www.seriesseservice.com\\\/it\\\/luxury-suv\\\/bentley-bentayga\\\/#breadcrumb\"},\"inLanguage\":\"it-IT\",\"potentialAction\":[{\"@type\":\"ReadAction\",\"target\":[\"https:\\\/\\\/www.seriesseservice.com\\\/it\\\/luxury-suv\\\/bentley-bentayga\\\/\"]}]},{\"@type\":\"ImageObject\",\"inLanguage\":\"it-IT\",\"@id\":\"https:\\\/\\\/www.seriesseservice.com\\\/it\\\/luxury-suv\\\/bentley-bentayga\\\/#primaryimage\",\"url\":\"https:\\\/\\\/www.seriesseservice.com\\\/wp-content\\\/uploads\\\/2025\\\/02\\\/bentley-bentayga.jpg\",\"contentUrl\":\"https:\\\/\\\/www.seriesseservice.com\\\/wp-content\\\/uploads\\\/2025\\\/02\\\/bentley-bentayga.jpg\",\"width\":1170,\"height\":780,\"caption\":\"bentley bentayga\"},{\"@type\":\"BreadcrumbList\",\"@id\":\"https:\\\/\\\/www.seriesseservice.com\\\/it\\\/luxury-suv\\\/bentley-bentayga\\\/#breadcrumb\",\"itemListElement\":[{\"@type\":\"ListItem\",\"position\":1,\"name\":\"Luxury Car Rental\",\"item\":\"https:\\\/\\\/www.seriesseservice.com\\\/it\\\/\"},{\"@type\":\"ListItem\",\"position\":2,\"name\":\"Noleggio SUV di Lusso\",\"item\":\"https:\\\/\\\/www.seriesseservice.com\\\/it\\\/luxury-suv\\\/\"},{\"@type\":\"ListItem\",\"position\":3,\"name\":\"Bentley Bentayga\"}]},{\"@type\":\"WebSite\",\"@id\":\"https:\\\/\\\/www.seriesseservice.com\\\/it\\\/#website\",\"url\":\"https:\\\/\\\/www.seriesseservice.com\\\/it\\\/\",\"name\":\"SeriesseService - Luxury car rental\",\"description\":\"Luxury car rental in Europe\",\"publisher\":{\"@id\":\"https:\\\/\\\/www.seriesseservice.com\\\/it\\\/#organization\"},\"potentialAction\":[{\"@type\":\"SearchAction\",\"target\":{\"@type\":\"EntryPoint\",\"urlTemplate\":\"https:\\\/\\\/www.seriesseservice.com\\\/it\\\/?s={search_term_string}\"},\"query-input\":{\"@type\":\"PropertyValueSpecification\",\"valueRequired\":true,\"valueName\":\"search_term_string\"}}],\"inLanguage\":\"it-IT\"},{\"@type\":\"Organization\",\"@id\":\"https:\\\/\\\/www.seriesseservice.com\\\/it\\\/#organization\",\"name\":\"SeriesseService - Luxury car rental\",\"url\":\"https:\\\/\\\/www.seriesseservice.com\\\/it\\\/\",\"logo\":{\"@type\":\"ImageObject\",\"inLanguage\":\"it-IT\",\"@id\":\"https:\\\/\\\/www.seriesseservice.com\\\/it\\\/#\\\/schema\\\/logo\\\/image\\\/\",\"url\":\"https:\\\/\\\/www.seriesseservice.com\\\/wp-content\\\/uploads\\\/2024\\\/10\\\/logo-hight.png\",\"contentUrl\":\"https:\\\/\\\/www.seriesseservice.com\\\/wp-content\\\/uploads\\\/2024\\\/10\\\/logo-hight.png\",\"width\":1098,\"height\":152,\"caption\":\"SeriesseService - Luxury car rental\"},\"image\":{\"@id\":\"https:\\\/\\\/www.seriesseservice.com\\\/it\\\/#\\\/schema\\\/logo\\\/image\\\/\"}}]}<\/script>\n<!-- \/ Yoast SEO plugin. -->","yoast_head_json":{"title":"Noleggio Bentley Bentayga | SeriesseService","description":"Con un motore da 3996 cc e 549 cavalli, sprigiona un'accelerazione mozzafiato, raggiungendo i 290 km\/h con eleganza impareggiabile.","robots":{"index":"index","follow":"follow","max-snippet":"max-snippet:-1","max-image-preview":"max-image-preview:large","max-video-preview":"max-video-preview:-1"},"canonical":"https:\/\/www.seriesseservice.com\/it\/luxury-suv\/bentley-bentayga\/","og_locale":"it_IT","og_type":"article","og_title":"Nolegio Bentley Bentayga","og_description":"Con un motore da 3996 cc e 549 cavalli, sprigiona un'accelerazione mozzafiato, raggiungendo i 290 km\/h con eleganza impareggiabile.","og_url":"https:\/\/www.seriesseservice.com\/it\/luxury-suv\/bentley-bentayga\/","og_site_name":"SeriesseService","article_modified_time":"2025-02-18T16:57:45+00:00","og_image":[{"width":1170,"height":780,"url":"https:\/\/www.seriesseservice.com\/wp-content\/uploads\/2025\/02\/bentley-bentayga.jpg","type":"image\/jpeg"}],"twitter_card":"summary_large_image","twitter_misc":{"Tempo di lettura stimato":"2 minuti"},"schema":{"@context":"https:\/\/schema.org","@graph":[{"@type":"WebPage","@id":"https:\/\/www.seriesseservice.com\/it\/luxury-suv\/bentley-bentayga\/","url":"https:\/\/www.seriesseservice.com\/it\/luxury-suv\/bentley-bentayga\/","name":"Noleggio Bentley Bentayga | SeriesseService","isPartOf":{"@id":"https:\/\/www.seriesseservice.com\/it\/#website"},"primaryImageOfPage":{"@id":"https:\/\/www.seriesseservice.com\/it\/luxury-suv\/bentley-bentayga\/#primaryimage"},"image":{"@id":"https:\/\/www.seriesseservice.com\/it\/luxury-suv\/bentley-bentayga\/#primaryimage"},"thumbnailUrl":"https:\/\/www.seriesseservice.com\/wp-content\/uploads\/2025\/02\/bentley-bentayga.jpg","datePublished":"2025-02-18T16:30:30+00:00","dateModified":"2025-02-18T16:57:45+00:00","description":"Con un motore da 3996 cc e 549 cavalli, sprigiona un'accelerazione mozzafiato, raggiungendo i 290 km\/h con eleganza impareggiabile.","breadcrumb":{"@id":"https:\/\/www.seriesseservice.com\/it\/luxury-suv\/bentley-bentayga\/#breadcrumb"},"inLanguage":"it-IT","potentialAction":[{"@type":"ReadAction","target":["https:\/\/www.seriesseservice.com\/it\/luxury-suv\/bentley-bentayga\/"]}]},{"@type":"ImageObject","inLanguage":"it-IT","@id":"https:\/\/www.seriesseservice.com\/it\/luxury-suv\/bentley-bentayga\/#primaryimage","url":"https:\/\/www.seriesseservice.com\/wp-content\/uploads\/2025\/02\/bentley-bentayga.jpg","contentUrl":"https:\/\/www.seriesseservice.com\/wp-content\/uploads\/2025\/02\/bentley-bentayga.jpg","width":1170,"height":780,"caption":"bentley bentayga"},{"@type":"BreadcrumbList","@id":"https:\/\/www.seriesseservice.com\/it\/luxury-suv\/bentley-bentayga\/#breadcrumb","itemListElement":[{"@type":"ListItem","position":1,"name":"Luxury Car Rental","item":"https:\/\/www.seriesseservice.com\/it\/"},{"@type":"ListItem","position":2,"name":"Noleggio SUV di Lusso","item":"https:\/\/www.seriesseservice.com\/it\/luxury-suv\/"},{"@type":"ListItem","position":3,"name":"Bentley Bentayga"}]},{"@type":"WebSite","@id":"https:\/\/www.seriesseservice.com\/it\/#website","url":"https:\/\/www.seriesseservice.com\/it\/","name":"SeriesseService - Luxury car rental","description":"Luxury car rental in Europe","publisher":{"@id":"https:\/\/www.seriesseservice.com\/it\/#organization"},"potentialAction":[{"@type":"SearchAction","target":{"@type":"EntryPoint","urlTemplate":"https:\/\/www.seriesseservice.com\/it\/?s={search_term_string}"},"query-input":{"@type":"PropertyValueSpecification","valueRequired":true,"valueName":"search_term_string"}}],"inLanguage":"it-IT"},{"@type":"Organization","@id":"https:\/\/www.seriesseservice.com\/it\/#organization","name":"SeriesseService - Luxury car rental","url":"https:\/\/www.seriesseservice.com\/it\/","logo":{"@type":"ImageObject","inLanguage":"it-IT","@id":"https:\/\/www.seriesseservice.com\/it\/#\/schema\/logo\/image\/","url":"https:\/\/www.seriesseservice.com\/wp-content\/uploads\/2024\/10\/logo-hight.png","contentUrl":"https:\/\/www.seriesseservice.com\/wp-content\/uploads\/2024\/10\/logo-hight.png","width":1098,"height":152,"caption":"SeriesseService - Luxury car rental"},"image":{"@id":"https:\/\/www.seriesseservice.com\/it\/#\/schema\/logo\/image\/"}}]}},"_links":{"self":[{"href":"https:\/\/www.seriesseservice.com\/it\/wp-json\/wp\/v2\/pages\/2442","targetHints":{"allow":["GET"]}}],"collection":[{"href":"https:\/\/www.seriesseservice.com\/it\/wp-json\/wp\/v2\/pages"}],"about":[{"href":"https:\/\/www.seriesseservice.com\/it\/wp-json\/wp\/v2\/types\/page"}],"author":[{"embeddable":true,"href":"https:\/\/www.seriesseservice.com\/it\/wp-json\/wp\/v2\/users\/1"}],"replies":[{"embeddable":true,"href":"https:\/\/www.seriesseservice.com\/it\/wp-json\/wp\/v2\/comments?post=2442"}],"version-history":[{"count":6,"href":"https:\/\/www.seriesseservice.com\/it\/wp-json\/wp\/v2\/pages\/2442\/revisions"}],"predecessor-version":[{"id":2463,"href":"https:\/\/www.seriesseservice.com\/it\/wp-json\/wp\/v2\/pages\/2442\/revisions\/2463"}],"up":[{"embeddable":true,"href":"https:\/\/www.seriesseservice.com\/it\/wp-json\/wp\/v2\/pages\/135"}],"wp:featuredmedia":[{"embeddable":true,"href":"https:\/\/www.seriesseservice.com\/it\/wp-json\/wp\/v2\/media\/2434"}],"wp:attachment":[{"href":"https:\/\/www.seriesseservice.com\/it\/wp-json\/wp\/v2\/media?parent=2442"}],"curies":[{"name":"wp","href":"https:\/\/api.w.org\/{rel}","templated":true}]}}