{"id":316,"date":"2024-10-02T17:22:24","date_gmt":"2024-10-02T16:22:24","guid":{"rendered":"https:\/\/www.seriesseservice.com\/sitotest\/?page_id=316"},"modified":"2025-02-14T08:21:37","modified_gmt":"2025-02-14T08:21:37","slug":"lamborghini-huracan-evo","status":"publish","type":"page","link":"https:\/\/www.seriesseservice.com\/it\/supercar\/lamborghini-huracan-evo\/","title":{"rendered":"Lamborghini Huracan Evo"},"content":{"rendered":"<div id=\"pl-316\"  class=\"panel-layout\" ><div id=\"pg-316-0\"  class=\"panel-grid panel-has-style\" ><div class=\"panel-row-style panel-row-style-for-316-0\" ><div id=\"pgc-316-0-0\"  class=\"panel-grid-cell\" ><div id=\"panel-316-0-0-0\" class=\"so-panel widget widget_text panel-first-child panel-last-child\" data-index=\"0\" ><div class=\"panel-widget-style panel-widget-style-for-316-0-0-0\" >\t\t\t<div class=\"textwidget\"><h1><center>Lamborghini Huracan Evo<\/center><\/h1>\n<\/div>\n\t\t<\/div><\/div><\/div><\/div><\/div><div id=\"pg-316-1\"  class=\"panel-grid panel-no-style\" ><div id=\"pgc-316-1-0\"  class=\"panel-grid-cell\" ><div id=\"panel-316-1-0-0\" class=\"so-panel widget widget_sow-slider panel-first-child panel-last-child\" data-index=\"1\" ><div\n\t\t\t\n\t\t\tclass=\"so-widget-sow-slider so-widget-sow-slider-default-6d39609536fd-316\"\n\t\t\t\n\t\t>\t\t\t\t<div class=\"sow-slider-base\" style=\"display: none\" tabindex=\"0\">\n\t\t\t\t\t<ul\n\t\t\t\t\tclass=\"sow-slider-images\"\n\t\t\t\t\tdata-settings=\"{&quot;pagination&quot;:true,&quot;speed&quot;:400,&quot;timeout&quot;:8000,&quot;paused&quot;:true,&quot;pause_on_hover&quot;:false,&quot;swipe&quot;:true,&quot;nav_always_show_desktop&quot;:&quot;&quot;,&quot;nav_always_show_mobile&quot;:&quot;&quot;,&quot;breakpoint&quot;:&quot;780px&quot;,&quot;unmute&quot;:false,&quot;anchor&quot;:null}\"\n\t\t\t\t\t\t\t\t\t\tdata-anchor-id=\"\"\n\t\t\t\t>\t\t<li class=\"sow-slider-image\" style=\"visibility: visible;\" >\n\t\t\t\t\t\t<img loading=\"lazy\" decoding=\"async\" width=\"1170\" height=\"780\" src=\"https:\/\/www.seriesseservice.com\/wp-content\/uploads\/2025\/02\/huracan-evo-1.jpg\" class=\"sow-slider-background-image\" alt=\"\" style=\"\" srcset=\"https:\/\/www.seriesseservice.com\/wp-content\/uploads\/2025\/02\/huracan-evo-1.jpg 1170w, https:\/\/www.seriesseservice.com\/wp-content\/uploads\/2025\/02\/huracan-evo-1-300x200.jpg 300w, https:\/\/www.seriesseservice.com\/wp-content\/uploads\/2025\/02\/huracan-evo-1-1024x683.jpg 1024w, https:\/\/www.seriesseservice.com\/wp-content\/uploads\/2025\/02\/huracan-evo-1-768x512.jpg 768w, https:\/\/www.seriesseservice.com\/wp-content\/uploads\/2025\/02\/huracan-evo-1-750x500.jpg 750w, https:\/\/www.seriesseservice.com\/wp-content\/uploads\/2025\/02\/huracan-evo-1-272x182.jpg 272w\" sizes=\"auto, (max-width: 1170px) 100vw, 1170px\" \/>\t\t<\/li>\n\t\t\t\t<li class=\"sow-slider-image\" style=\"visibility: hidden;\" >\n\t\t\t\t\t\t<img loading=\"lazy\" decoding=\"async\" width=\"1179\" height=\"1086\" src=\"https:\/\/www.seriesseservice.com\/wp-content\/uploads\/2025\/02\/huracan-evo-2.jpg\" class=\"sow-slider-background-image\" alt=\"\" style=\"\" srcset=\"https:\/\/www.seriesseservice.com\/wp-content\/uploads\/2025\/02\/huracan-evo-2.jpg 1179w, https:\/\/www.seriesseservice.com\/wp-content\/uploads\/2025\/02\/huracan-evo-2-300x276.jpg 300w, https:\/\/www.seriesseservice.com\/wp-content\/uploads\/2025\/02\/huracan-evo-2-1024x943.jpg 1024w, https:\/\/www.seriesseservice.com\/wp-content\/uploads\/2025\/02\/huracan-evo-2-768x707.jpg 768w, https:\/\/www.seriesseservice.com\/wp-content\/uploads\/2025\/02\/huracan-evo-2-750x691.jpg 750w\" sizes=\"auto, (max-width: 1179px) 100vw, 1179px\" \/>\t\t<\/li>\n\t\t\t\t<li class=\"sow-slider-image\" style=\"visibility: hidden;\" >\n\t\t\t\t\t\t<img loading=\"lazy\" decoding=\"async\" width=\"1179\" height=\"1547\" src=\"https:\/\/www.seriesseservice.com\/wp-content\/uploads\/2025\/02\/huracan-evo-3.jpg\" class=\"sow-slider-background-image\" alt=\"\" style=\"\" srcset=\"https:\/\/www.seriesseservice.com\/wp-content\/uploads\/2025\/02\/huracan-evo-3.jpg 1179w, https:\/\/www.seriesseservice.com\/wp-content\/uploads\/2025\/02\/huracan-evo-3-229x300.jpg 229w, https:\/\/www.seriesseservice.com\/wp-content\/uploads\/2025\/02\/huracan-evo-3-780x1024.jpg 780w, https:\/\/www.seriesseservice.com\/wp-content\/uploads\/2025\/02\/huracan-evo-3-768x1008.jpg 768w, https:\/\/www.seriesseservice.com\/wp-content\/uploads\/2025\/02\/huracan-evo-3-1171x1536.jpg 1171w, https:\/\/www.seriesseservice.com\/wp-content\/uploads\/2025\/02\/huracan-evo-3-750x984.jpg 750w\" sizes=\"auto, (max-width: 1179px) 100vw, 1179px\" \/>\t\t<\/li>\n\t\t<\/ul>\t\t\t\t<ol class=\"sow-slider-pagination\">\n\t\t\t\t\t\t\t\t\t\t\t<li><a href=\"#\" data-goto=\"0\" aria-label=\"Display slide 1\"><\/a><\/li>\n\t\t\t\t\t\t\t\t\t\t\t<li><a href=\"#\" data-goto=\"1\" aria-label=\"Display slide 2\"><\/a><\/li>\n\t\t\t\t\t\t\t\t\t\t\t<li><a href=\"#\" data-goto=\"2\" aria-label=\"Display slide 3\"><\/a><\/li>\n\t\t\t\t\t\t\t\t\t<\/ol>\n\n\t\t\t\t<div class=\"sow-slide-nav sow-slide-nav-next\">\n\t\t\t\t\t<a href=\"#\" data-goto=\"next\" aria-label=\"Next slide\" data-action=\"next\">\n\t\t\t\t\t\t<em class=\"sow-sld-icon-thin-right\"><\/em>\n\t\t\t\t\t<\/a>\n\t\t\t\t<\/div>\n\n\t\t\t\t<div class=\"sow-slide-nav sow-slide-nav-prev\">\n\t\t\t\t\t<a href=\"#\" data-goto=\"previous\" aria-label=\"Previous slide\" data-action=\"prev\">\n\t\t\t\t\t\t<em class=\"sow-sld-icon-thin-left\"><\/em>\n\t\t\t\t\t<\/a>\n\t\t\t\t<\/div>\n\t\t\t\t<\/div><\/div><\/div><\/div><div id=\"pgc-316-1-1\"  class=\"panel-grid-cell\" ><div id=\"panel-316-1-1-0\" class=\"so-panel widget widget_sow-editor panel-first-child\" data-index=\"2\" ><div\n\t\t\t\n\t\t\tclass=\"so-widget-sow-editor so-widget-sow-editor-base\"\n\t\t\t\n\t\t>\n<div class=\"siteorigin-widget-tinymce textwidget\">\n\t<h2 style=\"text-align: center; font-size:25px;\">Specifiche Veicolo<\/h2>\n<\/div>\n<\/div><\/div><div id=\"panel-316-1-1-1\" class=\"so-panel widget widget_sow-button\" data-index=\"3\" ><div class=\"panel-widget-style panel-widget-style-for-316-1-1-1\" ><div\n\t\t\t\n\t\t\tclass=\"so-widget-sow-button so-widget-sow-button-wire-ff0007ec3c9f-316\"\n\t\t\t\n\t\t><div class=\"ow-button-base ow-button-align-justify\"\n style=\"display: block;\">\n\t\t\t<a\n\t\t\t\tclass=\"sowb-button ow-icon-placement-left\" \t>\n\t\t<span>\n\t\t\t<span class=\"sow-icon-materialicons sowm-regular\" data-sow-icon=\"&#xf05e\"\n\t\tstyle=\"color: #a3a3a3\" \n\t\taria-hidden=\"true\"><\/span>\n\t\t\t<span style=\"color:#000000\"><b>Motore:<\/b> 5.204 cc<\/span>\t\t<\/span>\n\t\t\t<\/a>\n\t<\/div>\n<\/div><\/div><\/div><div id=\"panel-316-1-1-2\" class=\"so-panel widget widget_sow-button\" data-index=\"4\" ><div class=\"panel-widget-style panel-widget-style-for-316-1-1-2\" ><div\n\t\t\t\n\t\t\tclass=\"so-widget-sow-button so-widget-sow-button-wire-ff0007ec3c9f-316\"\n\t\t\t\n\t\t><div class=\"ow-button-base ow-button-align-justify\"\n style=\"display: block;\">\n\t\t\t<a\n\t\t\t\tclass=\"sowb-button ow-icon-placement-left\" \t>\n\t\t<span>\n\t\t\t<span class=\"sow-icon-materialicons sowm-regular\" data-sow-icon=\"&#xeb9b\"\n\t\tstyle=\"color: #a3a3a3\" \n\t\taria-hidden=\"true\"><\/span>\n\t\t\t<span style=\"color:#000000\"><b>Potenza:<\/b> 640 cv<\/span>\t\t<\/span>\n\t\t\t<\/a>\n\t<\/div>\n<\/div><\/div><\/div><div id=\"panel-316-1-1-3\" class=\"so-panel widget widget_sow-button\" data-index=\"5\" ><div class=\"panel-widget-style panel-widget-style-for-316-1-1-3\" ><div\n\t\t\t\n\t\t\tclass=\"so-widget-sow-button so-widget-sow-button-wire-ff0007ec3c9f-316\"\n\t\t\t\n\t\t><div class=\"ow-button-base ow-button-align-justify\"\n style=\"display: block;\">\n\t\t\t<a\n\t\t\t\tclass=\"sowb-button ow-icon-placement-left\" \t>\n\t\t<span>\n\t\t\t<span class=\"sow-icon-materialicons sowm-regular\" data-sow-icon=\"&#xea5d\"\n\t\tstyle=\"color: #a3a3a3\" \n\t\taria-hidden=\"true\"><\/span>\n\t\t\t<span style=\"color:#000000\"><b>0-100 Km\/h:<\/b> 2.9 sec<\/span>\t\t<\/span>\n\t\t\t<\/a>\n\t<\/div>\n<\/div><\/div><\/div><div id=\"panel-316-1-1-4\" class=\"so-panel widget widget_sow-button\" data-index=\"6\" ><div class=\"panel-widget-style panel-widget-style-for-316-1-1-4\" ><div\n\t\t\t\n\t\t\tclass=\"so-widget-sow-button so-widget-sow-button-wire-ff0007ec3c9f-316\"\n\t\t\t\n\t\t><div class=\"ow-button-base ow-button-align-justify\"\n style=\"display: block;\">\n\t\t\t<a\n\t\t\t\tclass=\"sowb-button ow-icon-placement-left\" \t>\n\t\t<span>\n\t\t\t<span class=\"sow-icon-materialicons sowm-regular\" data-sow-icon=\"&#xe640\"\n\t\tstyle=\"color: #a3a3a3\" \n\t\taria-hidden=\"true\"><\/span>\n\t\t\t<span style=\"color:#000000\"><b>Velocit\u00e0 Max:<\/b> 325 Km\/h<\/span>\t\t<\/span>\n\t\t\t<\/a>\n\t<\/div>\n<\/div><\/div><\/div><div id=\"panel-316-1-1-5\" class=\"so-panel widget widget_sow-editor\" data-index=\"7\" ><div class=\"so-rounded panel-widget-style panel-widget-style-for-316-1-1-5\" ><div\n\t\t\t\n\t\t\tclass=\"so-widget-sow-editor so-widget-sow-editor-base\"\n\t\t\t\n\t\t>\n<div class=\"siteorigin-widget-tinymce textwidget\">\n\t<p style=\"text-align: center;\">Prezzo da <strong><span style=\"font-size: 30px; color: #8a9597;\">\u20ac 1.700<\/span><\/strong> per giorno<\/p>\n<\/div>\n<\/div><\/div><\/div><div id=\"panel-316-1-1-6\" class=\"so-panel widget widget_sow-button panel-last-child\" data-index=\"8\" ><div class=\"panel-widget-style panel-widget-style-for-316-1-1-6\" ><div\n\t\t\t\n\t\t\tclass=\"so-widget-sow-button so-widget-sow-button-flat-349de81cd1db-316\"\n\t\t\t\n\t\t><div class=\"ow-button-base ow-button-align-center\"\n>\n\t\t\t<a\n\t\t\t\t\thref=\"https:\/\/wa.me\/393405865353\"\n\t\t\t\t\tclass=\"sowb-button ow-icon-placement-left ow-button-hover\" target=\"_blank\" rel=\"noopener noreferrer\" \t>\n\t\t<span>\n\t\t\t\n\t\t\tCHIEDI PREVENTIVO\t\t<\/span>\n\t\t\t<\/a>\n\t<\/div>\n<\/div><\/div><\/div><\/div><\/div><div id=\"pg-316-2\"  class=\"panel-grid panel-has-style\" ><div class=\"panel-row-style panel-row-style-for-316-2\" ><div id=\"pgc-316-2-0\"  class=\"panel-grid-cell\" ><div id=\"panel-316-2-0-0\" class=\"so-panel widget widget_sow-editor panel-first-child panel-last-child\" data-index=\"9\" ><div\n\t\t\t\n\t\t\tclass=\"so-widget-sow-editor so-widget-sow-editor-base\"\n\t\t\t\n\t\t>\n<div class=\"siteorigin-widget-tinymce textwidget\">\n\t<p>Sono stati utilizzati materiali ultraleggeri ed \u00e8 stato introdotto un innovativo sistema di aerodinamica attiva per aumentare il livello di prestazioni ed eccitazione durante la guida.<br \/>\nAll\u2019anteriore, che \u00e8 il modo migliore per aprire la porta anteriore, utile ai motori elettrici per migliorare la penetrazione aerodinamica, direzionando il flusso d\u2019aria che investe la vettura che scorre nel sottoscocca.<\/p>\n<h3>Agenzia leader in Italia per il servizio di noleggio auto.<\/h3>\n<p>Con 640 cavalli erogati a 8.000 giri, 600 Nm di coppia massima espressi a 6.500 giri e 0-100 in 2,7 secondi, la Lamborghini Hurac\u00e1n Performance \u00e8 il 10 cilindri stradale del toro pi\u00f9 potente di sempre da 325 km\/h.<\/p>\n<p>Questo V10 \u00e8 dotato di trasmissione integrale a iniezione diretta stratificata, controllata elettronicamente con differenziale posteriore autobloccante meccanico.<\/p>\n<p>L\u2019assetto con ammortizzatori \u201cintelligenti\u201d mantiene questa vettura attaccata all\u2019asfalto, mentre i pneumatici posteriori restano disponibili.\u00a0Quando ti alzi e avvii il motore la tua prestazione \u00e8 diversa dalle altre Huracan ed \u00e8 la pi\u00f9 veloce.\u00a0Questa vettura \u00e8 stata rivista migliorando il motore e rendendo pi\u00f9 efficace sterzo e sospensioni.<\/p>\n<p>Sono stati utilizzati materiali ultraleggeri ed \u00e8 stato introdotto un innovativo sistema di aerodinamica attiva per aumentare il livello di prestazioni ed emozioni durante la guida.\u00a0All\u2019anteriore, che \u00e8 il modo migliore per aprire la porta anteriore, utile ai motori elettrici per migliorare la penetrazione aerodinamica, direzionando il flusso d\u2019aria che investe la vettura che scorre nel sottoscocca.<\/p>\n<p>Gli interni sono realizzati con materiali di altissima qualit\u00e0, Alcantara con dettagli in fibra di carbonio, che contribuiscono ad aumentare le prestazioni vista la loro leggerezza.\u00a0La variet\u00e0 di colori e di optional contribuiscono a renderla ancora pi\u00f9 speciale, un\u2019auto unica, sempre in puro stile italiano.\u00a0Se vuoi noleggiarlo devi contattarci.\u00a0Consegna e ritiro auto in tutte le capitali e citt\u00e0 europee.<\/p>\n<\/div>\n<\/div><\/div><\/div><\/div><\/div><\/div>","protected":false},"excerpt":{"rendered":"<p>Lamborghini Huracan Evo Specifiche Veicolo Prezzo da \u20ac 1.700 per giorno<\/p>\n","protected":false},"author":1,"featured_media":247,"parent":125,"menu_order":0,"comment_status":"closed","ping_status":"closed","template":"","meta":{"footnotes":""},"class_list":["post-316","page","type-page","status-publish","has-post-thumbnail","hentry"],"yoast_head":"<!-- This site is optimized with the Yoast SEO plugin v27.4 - https:\/\/yoast.com\/product\/yoast-seo-wordpress\/ -->\n<title>Noleggio Lamborghini Huracan Evo | SeriesseService<\/title>\n<meta name=\"description\" content=\"Sono stati utilizzati materiali ultraleggeri ed \u00e8 stato introdotto un innovativo sistema aerodinamico attivo per aumentare le prestazioni.\" \/>\n<meta name=\"robots\" content=\"index, follow, max-snippet:-1, max-image-preview:large, max-video-preview:-1\" \/>\n<link rel=\"canonical\" href=\"https:\/\/www.seriesseservice.com\/it\/supercar\/lamborghini-huracan-evo\/\" \/>\n<meta property=\"og:locale\" content=\"it_IT\" \/>\n<meta property=\"og:type\" content=\"article\" \/>\n<meta property=\"og:title\" content=\"Noleggio Lamborghini Huracan Evo\" \/>\n<meta property=\"og:description\" content=\"Sono stati utilizzati materiali ultraleggeri ed \u00e8 stato introdotto un innovativo sistema aerodinamico attivo per aumentare le prestazioni\" \/>\n<meta property=\"og:url\" content=\"https:\/\/www.seriesseservice.com\/it\/supercar\/lamborghini-huracan-evo\/\" \/>\n<meta property=\"og:site_name\" content=\"SeriesseService\" \/>\n<meta property=\"article:modified_time\" content=\"2025-02-14T08:21:37+00:00\" \/>\n<meta property=\"og:image\" content=\"https:\/\/www.seriesseservice.com\/wp-content\/uploads\/2024\/10\/lamborghini-huracan-1.jpg\" \/>\n\t<meta property=\"og:image:width\" content=\"1170\" \/>\n\t<meta property=\"og:image:height\" content=\"780\" \/>\n\t<meta property=\"og:image:type\" content=\"image\/jpeg\" \/>\n<meta name=\"twitter:card\" content=\"summary_large_image\" \/>\n<meta name=\"twitter:label1\" content=\"Tempo di lettura stimato\" \/>\n\t<meta name=\"twitter:data1\" content=\"3 minuti\" \/>\n<script type=\"application\/ld+json\" class=\"yoast-schema-graph\">{\"@context\":\"https:\\\/\\\/schema.org\",\"@graph\":[{\"@type\":\"WebPage\",\"@id\":\"https:\\\/\\\/www.seriesseservice.com\\\/it\\\/supercar\\\/lamborghini-huracan-evo\\\/\",\"url\":\"https:\\\/\\\/www.seriesseservice.com\\\/it\\\/supercar\\\/lamborghini-huracan-evo\\\/\",\"name\":\"Noleggio Lamborghini Huracan Evo | SeriesseService\",\"isPartOf\":{\"@id\":\"https:\\\/\\\/www.seriesseservice.com\\\/it\\\/#website\"},\"primaryImageOfPage\":{\"@id\":\"https:\\\/\\\/www.seriesseservice.com\\\/it\\\/supercar\\\/lamborghini-huracan-evo\\\/#primaryimage\"},\"image\":{\"@id\":\"https:\\\/\\\/www.seriesseservice.com\\\/it\\\/supercar\\\/lamborghini-huracan-evo\\\/#primaryimage\"},\"thumbnailUrl\":\"https:\\\/\\\/www.seriesseservice.com\\\/wp-content\\\/uploads\\\/2024\\\/10\\\/lamborghini-huracan.jpg\",\"datePublished\":\"2024-10-02T16:22:24+00:00\",\"dateModified\":\"2025-02-14T08:21:37+00:00\",\"description\":\"Sono stati utilizzati materiali ultraleggeri ed \u00e8 stato introdotto un innovativo sistema aerodinamico attivo per aumentare le prestazioni.\",\"breadcrumb\":{\"@id\":\"https:\\\/\\\/www.seriesseservice.com\\\/it\\\/supercar\\\/lamborghini-huracan-evo\\\/#breadcrumb\"},\"inLanguage\":\"it-IT\",\"potentialAction\":[{\"@type\":\"ReadAction\",\"target\":[\"https:\\\/\\\/www.seriesseservice.com\\\/it\\\/supercar\\\/lamborghini-huracan-evo\\\/\"]}]},{\"@type\":\"ImageObject\",\"inLanguage\":\"it-IT\",\"@id\":\"https:\\\/\\\/www.seriesseservice.com\\\/it\\\/supercar\\\/lamborghini-huracan-evo\\\/#primaryimage\",\"url\":\"https:\\\/\\\/www.seriesseservice.com\\\/wp-content\\\/uploads\\\/2024\\\/10\\\/lamborghini-huracan.jpg\",\"contentUrl\":\"https:\\\/\\\/www.seriesseservice.com\\\/wp-content\\\/uploads\\\/2024\\\/10\\\/lamborghini-huracan.jpg\",\"width\":1400,\"height\":1050,\"caption\":\"Lamborghini Huracan Evo\"},{\"@type\":\"BreadcrumbList\",\"@id\":\"https:\\\/\\\/www.seriesseservice.com\\\/it\\\/supercar\\\/lamborghini-huracan-evo\\\/#breadcrumb\",\"itemListElement\":[{\"@type\":\"ListItem\",\"position\":1,\"name\":\"Luxury Car Rental\",\"item\":\"https:\\\/\\\/www.seriesseservice.com\\\/it\\\/\"},{\"@type\":\"ListItem\",\"position\":2,\"name\":\"Noleggio Supercar\",\"item\":\"https:\\\/\\\/www.seriesseservice.com\\\/it\\\/supercar\\\/\"},{\"@type\":\"ListItem\",\"position\":3,\"name\":\"Lamborghini Huracan Evo\"}]},{\"@type\":\"WebSite\",\"@id\":\"https:\\\/\\\/www.seriesseservice.com\\\/it\\\/#website\",\"url\":\"https:\\\/\\\/www.seriesseservice.com\\\/it\\\/\",\"name\":\"SeriesseService - Luxury car rental\",\"description\":\"Luxury car rental in Europe\",\"publisher\":{\"@id\":\"https:\\\/\\\/www.seriesseservice.com\\\/it\\\/#organization\"},\"potentialAction\":[{\"@type\":\"SearchAction\",\"target\":{\"@type\":\"EntryPoint\",\"urlTemplate\":\"https:\\\/\\\/www.seriesseservice.com\\\/it\\\/?s={search_term_string}\"},\"query-input\":{\"@type\":\"PropertyValueSpecification\",\"valueRequired\":true,\"valueName\":\"search_term_string\"}}],\"inLanguage\":\"it-IT\"},{\"@type\":\"Organization\",\"@id\":\"https:\\\/\\\/www.seriesseservice.com\\\/it\\\/#organization\",\"name\":\"SeriesseService - Luxury car rental\",\"url\":\"https:\\\/\\\/www.seriesseservice.com\\\/it\\\/\",\"logo\":{\"@type\":\"ImageObject\",\"inLanguage\":\"it-IT\",\"@id\":\"https:\\\/\\\/www.seriesseservice.com\\\/it\\\/#\\\/schema\\\/logo\\\/image\\\/\",\"url\":\"https:\\\/\\\/www.seriesseservice.com\\\/wp-content\\\/uploads\\\/2024\\\/10\\\/logo-hight.png\",\"contentUrl\":\"https:\\\/\\\/www.seriesseservice.com\\\/wp-content\\\/uploads\\\/2024\\\/10\\\/logo-hight.png\",\"width\":1098,\"height\":152,\"caption\":\"SeriesseService - Luxury car rental\"},\"image\":{\"@id\":\"https:\\\/\\\/www.seriesseservice.com\\\/it\\\/#\\\/schema\\\/logo\\\/image\\\/\"}}]}<\/script>\n<!-- \/ Yoast SEO plugin. -->","yoast_head_json":{"title":"Noleggio Lamborghini Huracan Evo | SeriesseService","description":"Sono stati utilizzati materiali ultraleggeri ed \u00e8 stato introdotto un innovativo sistema aerodinamico attivo per aumentare le prestazioni.","robots":{"index":"index","follow":"follow","max-snippet":"max-snippet:-1","max-image-preview":"max-image-preview:large","max-video-preview":"max-video-preview:-1"},"canonical":"https:\/\/www.seriesseservice.com\/it\/supercar\/lamborghini-huracan-evo\/","og_locale":"it_IT","og_type":"article","og_title":"Noleggio Lamborghini Huracan Evo","og_description":"Sono stati utilizzati materiali ultraleggeri ed \u00e8 stato introdotto un innovativo sistema aerodinamico attivo per aumentare le prestazioni","og_url":"https:\/\/www.seriesseservice.com\/it\/supercar\/lamborghini-huracan-evo\/","og_site_name":"SeriesseService","article_modified_time":"2025-02-14T08:21:37+00:00","og_image":[{"width":1170,"height":780,"url":"https:\/\/www.seriesseservice.com\/wp-content\/uploads\/2024\/10\/lamborghini-huracan-1.jpg","type":"image\/jpeg"}],"twitter_card":"summary_large_image","twitter_misc":{"Tempo di lettura stimato":"3 minuti"},"schema":{"@context":"https:\/\/schema.org","@graph":[{"@type":"WebPage","@id":"https:\/\/www.seriesseservice.com\/it\/supercar\/lamborghini-huracan-evo\/","url":"https:\/\/www.seriesseservice.com\/it\/supercar\/lamborghini-huracan-evo\/","name":"Noleggio Lamborghini Huracan Evo | SeriesseService","isPartOf":{"@id":"https:\/\/www.seriesseservice.com\/it\/#website"},"primaryImageOfPage":{"@id":"https:\/\/www.seriesseservice.com\/it\/supercar\/lamborghini-huracan-evo\/#primaryimage"},"image":{"@id":"https:\/\/www.seriesseservice.com\/it\/supercar\/lamborghini-huracan-evo\/#primaryimage"},"thumbnailUrl":"https:\/\/www.seriesseservice.com\/wp-content\/uploads\/2024\/10\/lamborghini-huracan.jpg","datePublished":"2024-10-02T16:22:24+00:00","dateModified":"2025-02-14T08:21:37+00:00","description":"Sono stati utilizzati materiali ultraleggeri ed \u00e8 stato introdotto un innovativo sistema aerodinamico attivo per aumentare le prestazioni.","breadcrumb":{"@id":"https:\/\/www.seriesseservice.com\/it\/supercar\/lamborghini-huracan-evo\/#breadcrumb"},"inLanguage":"it-IT","potentialAction":[{"@type":"ReadAction","target":["https:\/\/www.seriesseservice.com\/it\/supercar\/lamborghini-huracan-evo\/"]}]},{"@type":"ImageObject","inLanguage":"it-IT","@id":"https:\/\/www.seriesseservice.com\/it\/supercar\/lamborghini-huracan-evo\/#primaryimage","url":"https:\/\/www.seriesseservice.com\/wp-content\/uploads\/2024\/10\/lamborghini-huracan.jpg","contentUrl":"https:\/\/www.seriesseservice.com\/wp-content\/uploads\/2024\/10\/lamborghini-huracan.jpg","width":1400,"height":1050,"caption":"Lamborghini Huracan Evo"},{"@type":"BreadcrumbList","@id":"https:\/\/www.seriesseservice.com\/it\/supercar\/lamborghini-huracan-evo\/#breadcrumb","itemListElement":[{"@type":"ListItem","position":1,"name":"Luxury Car Rental","item":"https:\/\/www.seriesseservice.com\/it\/"},{"@type":"ListItem","position":2,"name":"Noleggio Supercar","item":"https:\/\/www.seriesseservice.com\/it\/supercar\/"},{"@type":"ListItem","position":3,"name":"Lamborghini Huracan Evo"}]},{"@type":"WebSite","@id":"https:\/\/www.seriesseservice.com\/it\/#website","url":"https:\/\/www.seriesseservice.com\/it\/","name":"SeriesseService - Luxury car rental","description":"Luxury car rental in Europe","publisher":{"@id":"https:\/\/www.seriesseservice.com\/it\/#organization"},"potentialAction":[{"@type":"SearchAction","target":{"@type":"EntryPoint","urlTemplate":"https:\/\/www.seriesseservice.com\/it\/?s={search_term_string}"},"query-input":{"@type":"PropertyValueSpecification","valueRequired":true,"valueName":"search_term_string"}}],"inLanguage":"it-IT"},{"@type":"Organization","@id":"https:\/\/www.seriesseservice.com\/it\/#organization","name":"SeriesseService - Luxury car rental","url":"https:\/\/www.seriesseservice.com\/it\/","logo":{"@type":"ImageObject","inLanguage":"it-IT","@id":"https:\/\/www.seriesseservice.com\/it\/#\/schema\/logo\/image\/","url":"https:\/\/www.seriesseservice.com\/wp-content\/uploads\/2024\/10\/logo-hight.png","contentUrl":"https:\/\/www.seriesseservice.com\/wp-content\/uploads\/2024\/10\/logo-hight.png","width":1098,"height":152,"caption":"SeriesseService - Luxury car rental"},"image":{"@id":"https:\/\/www.seriesseservice.com\/it\/#\/schema\/logo\/image\/"}}]}},"_links":{"self":[{"href":"https:\/\/www.seriesseservice.com\/it\/wp-json\/wp\/v2\/pages\/316","targetHints":{"allow":["GET"]}}],"collection":[{"href":"https:\/\/www.seriesseservice.com\/it\/wp-json\/wp\/v2\/pages"}],"about":[{"href":"https:\/\/www.seriesseservice.com\/it\/wp-json\/wp\/v2\/types\/page"}],"author":[{"embeddable":true,"href":"https:\/\/www.seriesseservice.com\/it\/wp-json\/wp\/v2\/users\/1"}],"replies":[{"embeddable":true,"href":"https:\/\/www.seriesseservice.com\/it\/wp-json\/wp\/v2\/comments?post=316"}],"version-history":[{"count":7,"href":"https:\/\/www.seriesseservice.com\/it\/wp-json\/wp\/v2\/pages\/316\/revisions"}],"predecessor-version":[{"id":2410,"href":"https:\/\/www.seriesseservice.com\/it\/wp-json\/wp\/v2\/pages\/316\/revisions\/2410"}],"up":[{"embeddable":true,"href":"https:\/\/www.seriesseservice.com\/it\/wp-json\/wp\/v2\/pages\/125"}],"wp:featuredmedia":[{"embeddable":true,"href":"https:\/\/www.seriesseservice.com\/it\/wp-json\/wp\/v2\/media\/247"}],"wp:attachment":[{"href":"https:\/\/www.seriesseservice.com\/it\/wp-json\/wp\/v2\/media?parent=316"}],"curies":[{"name":"wp","href":"https:\/\/api.w.org\/{rel}","templated":true}]}}