{"id":584,"date":"2024-10-04T13:26:05","date_gmt":"2024-10-04T12:26:05","guid":{"rendered":"https:\/\/www.seriesseservice.com\/sitotest\/?page_id=584"},"modified":"2024-10-21T20:45:32","modified_gmt":"2024-10-21T19:45:32","slug":"mercedes-s-580-maybach","status":"publish","type":"page","link":"https:\/\/www.seriesseservice.com\/it\/limousine-service\/mercedes-s-580-maybach\/","title":{"rendered":"Mercedes S 580 Maybach"},"content":{"rendered":"<div id=\"pl-584\"  class=\"panel-layout\" ><div id=\"pg-584-0\"  class=\"panel-grid panel-has-style\" ><div class=\"panel-row-style panel-row-style-for-584-0\" ><div id=\"pgc-584-0-0\"  class=\"panel-grid-cell\" ><div id=\"panel-584-0-0-0\" class=\"so-panel widget widget_sow-editor panel-first-child panel-last-child\" data-index=\"0\" ><div\n\t\t\t\n\t\t\tclass=\"so-widget-sow-editor so-widget-sow-editor-base\"\n\t\t\t\n\t\t>\n<div class=\"siteorigin-widget-tinymce textwidget\">\n\t<p style=\"text-align: left;\"><a href=\"https:\/\/www.seriesseservice.com\/wp-content\/uploads\/2024\/10\/mercedes-s-580-maybach-1.jpg\"><img loading=\"lazy\" decoding=\"async\" class=\"wp-image-580 alignleft\" src=\"https:\/\/www.seriesseservice.com\/wp-content\/uploads\/2024\/10\/mercedes-s-580-maybach-1.jpg\" alt=\"Mercedes S 580 Maybach\" width=\"271\" height=\"203\" srcset=\"https:\/\/www.seriesseservice.com\/wp-content\/uploads\/2024\/10\/mercedes-s-580-maybach-1.jpg 980w, https:\/\/www.seriesseservice.com\/wp-content\/uploads\/2024\/10\/mercedes-s-580-maybach-1-300x225.jpg 300w, https:\/\/www.seriesseservice.com\/wp-content\/uploads\/2024\/10\/mercedes-s-580-maybach-1-768x576.jpg 768w, https:\/\/www.seriesseservice.com\/wp-content\/uploads\/2024\/10\/mercedes-s-580-maybach-1-750x563.jpg 750w\" sizes=\"auto, (max-width: 271px) 100vw, 271px\" \/><\/a>La Mercedes-Maybach S 580 \u00e8 un mix di esclusivit\u00e0 ed eleganza, il massimo livello di mobilit\u00e0 di lusso per rendere le tue giornate ancora pi\u00f9 speciali.<\/p>\n<p style=\"text-align: left;\">A bordo, come da tradizione, ci sono la massima qualit\u00e0 e cura artigianale per i dettagli. Tradizione e comfort di ultima generazione, nonostante le dimensioni e il peso, le prestazioni sono sportive e la potenza accompagnata dalla pi\u00f9 elegante esclusivit\u00e0.<\/p>\n<\/div>\n<\/div><\/div><\/div><\/div><\/div><\/div>","protected":false},"excerpt":{"rendered":"<p>La Mercedes-Maybach S 580 \u00e8 un mix di esclusivit\u00e0 ed eleganza, il massimo livello di<a href=\"https:\/\/www.seriesseservice.com\/it\/limousine-service\/mercedes-s-580-maybach\/\"> &#8230;<\/a><\/p>\n","protected":false},"author":1,"featured_media":531,"parent":141,"menu_order":0,"comment_status":"closed","ping_status":"closed","template":"","meta":{"footnotes":""},"class_list":["post-584","page","type-page","status-publish","has-post-thumbnail","hentry"],"yoast_head":"<!-- This site is optimized with the Yoast SEO plugin v27.4 - https:\/\/yoast.com\/product\/yoast-seo-wordpress\/ -->\n<title>Noleggio Mercedes S 580 Maybach | SeriesseService<\/title>\n<meta name=\"description\" content=\"La Mercedes-Maybach S 580 \u00e8 un mix di esclusivit\u00e0 ed eleganza, il massimo livello di mobilit\u00e0 di lusso per le tue giornate speciali.\" \/>\n<meta name=\"robots\" content=\"index, follow, max-snippet:-1, max-image-preview:large, max-video-preview:-1\" \/>\n<link rel=\"canonical\" href=\"https:\/\/www.seriesseservice.com\/it\/limousine-service\/mercedes-s-580-maybach\/\" \/>\n<meta property=\"og:locale\" content=\"it_IT\" \/>\n<meta property=\"og:type\" content=\"article\" \/>\n<meta property=\"og:title\" content=\"Noleggio Mercedes S 580 Maybach\" \/>\n<meta property=\"og:description\" content=\"La Mercedes-Maybach S 580 \u00e8 un mix di esclusivit\u00e0 ed eleganza, il massimo livello di mobilit\u00e0 di lusso per le tue giornate speciali.\" \/>\n<meta property=\"og:url\" content=\"https:\/\/www.seriesseservice.com\/it\/limousine-service\/mercedes-s-580-maybach\/\" \/>\n<meta property=\"og:site_name\" content=\"SeriesseService\" \/>\n<meta property=\"article:modified_time\" content=\"2024-10-21T19:45:32+00:00\" \/>\n<meta property=\"og:image\" content=\"https:\/\/www.seriesseservice.com\/wp-content\/uploads\/2024\/10\/mercedes-s-580-maybach.jpg\" \/>\n\t<meta property=\"og:image:width\" content=\"1400\" \/>\n\t<meta property=\"og:image:height\" content=\"1050\" \/>\n\t<meta property=\"og:image:type\" content=\"image\/jpeg\" \/>\n<meta name=\"twitter:card\" content=\"summary_large_image\" \/>\n<meta name=\"twitter:label1\" content=\"Tempo di lettura stimato\" \/>\n\t<meta name=\"twitter:data1\" content=\"1 minuto\" \/>\n<script type=\"application\/ld+json\" class=\"yoast-schema-graph\">{\"@context\":\"https:\\\/\\\/schema.org\",\"@graph\":[{\"@type\":\"WebPage\",\"@id\":\"https:\\\/\\\/www.seriesseservice.com\\\/it\\\/limousine-service\\\/mercedes-s-580-maybach\\\/\",\"url\":\"https:\\\/\\\/www.seriesseservice.com\\\/it\\\/limousine-service\\\/mercedes-s-580-maybach\\\/\",\"name\":\"Noleggio Mercedes S 580 Maybach | SeriesseService\",\"isPartOf\":{\"@id\":\"https:\\\/\\\/www.seriesseservice.com\\\/it\\\/#website\"},\"primaryImageOfPage\":{\"@id\":\"https:\\\/\\\/www.seriesseservice.com\\\/it\\\/limousine-service\\\/mercedes-s-580-maybach\\\/#primaryimage\"},\"image\":{\"@id\":\"https:\\\/\\\/www.seriesseservice.com\\\/it\\\/limousine-service\\\/mercedes-s-580-maybach\\\/#primaryimage\"},\"thumbnailUrl\":\"https:\\\/\\\/www.seriesseservice.com\\\/wp-content\\\/uploads\\\/2024\\\/10\\\/mercedes-s-580-maybach-e1742425734845.jpg\",\"datePublished\":\"2024-10-04T12:26:05+00:00\",\"dateModified\":\"2024-10-21T19:45:32+00:00\",\"description\":\"La Mercedes-Maybach S 580 \u00e8 un mix di esclusivit\u00e0 ed eleganza, il massimo livello di mobilit\u00e0 di lusso per le tue giornate speciali.\",\"breadcrumb\":{\"@id\":\"https:\\\/\\\/www.seriesseservice.com\\\/it\\\/limousine-service\\\/mercedes-s-580-maybach\\\/#breadcrumb\"},\"inLanguage\":\"it-IT\",\"potentialAction\":[{\"@type\":\"ReadAction\",\"target\":[\"https:\\\/\\\/www.seriesseservice.com\\\/it\\\/limousine-service\\\/mercedes-s-580-maybach\\\/\"]}]},{\"@type\":\"ImageObject\",\"inLanguage\":\"it-IT\",\"@id\":\"https:\\\/\\\/www.seriesseservice.com\\\/it\\\/limousine-service\\\/mercedes-s-580-maybach\\\/#primaryimage\",\"url\":\"https:\\\/\\\/www.seriesseservice.com\\\/wp-content\\\/uploads\\\/2024\\\/10\\\/mercedes-s-580-maybach-e1742425734845.jpg\",\"contentUrl\":\"https:\\\/\\\/www.seriesseservice.com\\\/wp-content\\\/uploads\\\/2024\\\/10\\\/mercedes-s-580-maybach-e1742425734845.jpg\",\"width\":1400,\"height\":933,\"caption\":\"Mercedes S 580 Maybach\"},{\"@type\":\"BreadcrumbList\",\"@id\":\"https:\\\/\\\/www.seriesseservice.com\\\/it\\\/limousine-service\\\/mercedes-s-580-maybach\\\/#breadcrumb\",\"itemListElement\":[{\"@type\":\"ListItem\",\"position\":1,\"name\":\"Luxury Car Rental\",\"item\":\"https:\\\/\\\/www.seriesseservice.com\\\/it\\\/\"},{\"@type\":\"ListItem\",\"position\":2,\"name\":\"Noleggio limousine\",\"item\":\"https:\\\/\\\/www.seriesseservice.com\\\/it\\\/limousine-service\\\/\"},{\"@type\":\"ListItem\",\"position\":3,\"name\":\"Mercedes S 580 Maybach\"}]},{\"@type\":\"WebSite\",\"@id\":\"https:\\\/\\\/www.seriesseservice.com\\\/it\\\/#website\",\"url\":\"https:\\\/\\\/www.seriesseservice.com\\\/it\\\/\",\"name\":\"SeriesseService - Luxury car rental\",\"description\":\"Luxury car rental in Europe\",\"publisher\":{\"@id\":\"https:\\\/\\\/www.seriesseservice.com\\\/it\\\/#organization\"},\"potentialAction\":[{\"@type\":\"SearchAction\",\"target\":{\"@type\":\"EntryPoint\",\"urlTemplate\":\"https:\\\/\\\/www.seriesseservice.com\\\/it\\\/?s={search_term_string}\"},\"query-input\":{\"@type\":\"PropertyValueSpecification\",\"valueRequired\":true,\"valueName\":\"search_term_string\"}}],\"inLanguage\":\"it-IT\"},{\"@type\":\"Organization\",\"@id\":\"https:\\\/\\\/www.seriesseservice.com\\\/it\\\/#organization\",\"name\":\"SeriesseService - Luxury car rental\",\"url\":\"https:\\\/\\\/www.seriesseservice.com\\\/it\\\/\",\"logo\":{\"@type\":\"ImageObject\",\"inLanguage\":\"it-IT\",\"@id\":\"https:\\\/\\\/www.seriesseservice.com\\\/it\\\/#\\\/schema\\\/logo\\\/image\\\/\",\"url\":\"https:\\\/\\\/www.seriesseservice.com\\\/wp-content\\\/uploads\\\/2024\\\/10\\\/logo-hight.png\",\"contentUrl\":\"https:\\\/\\\/www.seriesseservice.com\\\/wp-content\\\/uploads\\\/2024\\\/10\\\/logo-hight.png\",\"width\":1098,\"height\":152,\"caption\":\"SeriesseService - Luxury car rental\"},\"image\":{\"@id\":\"https:\\\/\\\/www.seriesseservice.com\\\/it\\\/#\\\/schema\\\/logo\\\/image\\\/\"}}]}<\/script>\n<!-- \/ Yoast SEO plugin. -->","yoast_head_json":{"title":"Noleggio Mercedes S 580 Maybach | SeriesseService","description":"La Mercedes-Maybach S 580 \u00e8 un mix di esclusivit\u00e0 ed eleganza, il massimo livello di mobilit\u00e0 di lusso per le tue giornate speciali.","robots":{"index":"index","follow":"follow","max-snippet":"max-snippet:-1","max-image-preview":"max-image-preview:large","max-video-preview":"max-video-preview:-1"},"canonical":"https:\/\/www.seriesseservice.com\/it\/limousine-service\/mercedes-s-580-maybach\/","og_locale":"it_IT","og_type":"article","og_title":"Noleggio Mercedes S 580 Maybach","og_description":"La Mercedes-Maybach S 580 \u00e8 un mix di esclusivit\u00e0 ed eleganza, il massimo livello di mobilit\u00e0 di lusso per le tue giornate speciali.","og_url":"https:\/\/www.seriesseservice.com\/it\/limousine-service\/mercedes-s-580-maybach\/","og_site_name":"SeriesseService","article_modified_time":"2024-10-21T19:45:32+00:00","og_image":[{"width":1400,"height":1050,"url":"https:\/\/www.seriesseservice.com\/wp-content\/uploads\/2024\/10\/mercedes-s-580-maybach.jpg","type":"image\/jpeg"}],"twitter_card":"summary_large_image","twitter_misc":{"Tempo di lettura stimato":"1 minuto"},"schema":{"@context":"https:\/\/schema.org","@graph":[{"@type":"WebPage","@id":"https:\/\/www.seriesseservice.com\/it\/limousine-service\/mercedes-s-580-maybach\/","url":"https:\/\/www.seriesseservice.com\/it\/limousine-service\/mercedes-s-580-maybach\/","name":"Noleggio Mercedes S 580 Maybach | SeriesseService","isPartOf":{"@id":"https:\/\/www.seriesseservice.com\/it\/#website"},"primaryImageOfPage":{"@id":"https:\/\/www.seriesseservice.com\/it\/limousine-service\/mercedes-s-580-maybach\/#primaryimage"},"image":{"@id":"https:\/\/www.seriesseservice.com\/it\/limousine-service\/mercedes-s-580-maybach\/#primaryimage"},"thumbnailUrl":"https:\/\/www.seriesseservice.com\/wp-content\/uploads\/2024\/10\/mercedes-s-580-maybach-e1742425734845.jpg","datePublished":"2024-10-04T12:26:05+00:00","dateModified":"2024-10-21T19:45:32+00:00","description":"La Mercedes-Maybach S 580 \u00e8 un mix di esclusivit\u00e0 ed eleganza, il massimo livello di mobilit\u00e0 di lusso per le tue giornate speciali.","breadcrumb":{"@id":"https:\/\/www.seriesseservice.com\/it\/limousine-service\/mercedes-s-580-maybach\/#breadcrumb"},"inLanguage":"it-IT","potentialAction":[{"@type":"ReadAction","target":["https:\/\/www.seriesseservice.com\/it\/limousine-service\/mercedes-s-580-maybach\/"]}]},{"@type":"ImageObject","inLanguage":"it-IT","@id":"https:\/\/www.seriesseservice.com\/it\/limousine-service\/mercedes-s-580-maybach\/#primaryimage","url":"https:\/\/www.seriesseservice.com\/wp-content\/uploads\/2024\/10\/mercedes-s-580-maybach-e1742425734845.jpg","contentUrl":"https:\/\/www.seriesseservice.com\/wp-content\/uploads\/2024\/10\/mercedes-s-580-maybach-e1742425734845.jpg","width":1400,"height":933,"caption":"Mercedes S 580 Maybach"},{"@type":"BreadcrumbList","@id":"https:\/\/www.seriesseservice.com\/it\/limousine-service\/mercedes-s-580-maybach\/#breadcrumb","itemListElement":[{"@type":"ListItem","position":1,"name":"Luxury Car Rental","item":"https:\/\/www.seriesseservice.com\/it\/"},{"@type":"ListItem","position":2,"name":"Noleggio limousine","item":"https:\/\/www.seriesseservice.com\/it\/limousine-service\/"},{"@type":"ListItem","position":3,"name":"Mercedes S 580 Maybach"}]},{"@type":"WebSite","@id":"https:\/\/www.seriesseservice.com\/it\/#website","url":"https:\/\/www.seriesseservice.com\/it\/","name":"SeriesseService - Luxury car rental","description":"Luxury car rental in Europe","publisher":{"@id":"https:\/\/www.seriesseservice.com\/it\/#organization"},"potentialAction":[{"@type":"SearchAction","target":{"@type":"EntryPoint","urlTemplate":"https:\/\/www.seriesseservice.com\/it\/?s={search_term_string}"},"query-input":{"@type":"PropertyValueSpecification","valueRequired":true,"valueName":"search_term_string"}}],"inLanguage":"it-IT"},{"@type":"Organization","@id":"https:\/\/www.seriesseservice.com\/it\/#organization","name":"SeriesseService - Luxury car rental","url":"https:\/\/www.seriesseservice.com\/it\/","logo":{"@type":"ImageObject","inLanguage":"it-IT","@id":"https:\/\/www.seriesseservice.com\/it\/#\/schema\/logo\/image\/","url":"https:\/\/www.seriesseservice.com\/wp-content\/uploads\/2024\/10\/logo-hight.png","contentUrl":"https:\/\/www.seriesseservice.com\/wp-content\/uploads\/2024\/10\/logo-hight.png","width":1098,"height":152,"caption":"SeriesseService - Luxury car rental"},"image":{"@id":"https:\/\/www.seriesseservice.com\/it\/#\/schema\/logo\/image\/"}}]}},"_links":{"self":[{"href":"https:\/\/www.seriesseservice.com\/it\/wp-json\/wp\/v2\/pages\/584","targetHints":{"allow":["GET"]}}],"collection":[{"href":"https:\/\/www.seriesseservice.com\/it\/wp-json\/wp\/v2\/pages"}],"about":[{"href":"https:\/\/www.seriesseservice.com\/it\/wp-json\/wp\/v2\/types\/page"}],"author":[{"embeddable":true,"href":"https:\/\/www.seriesseservice.com\/it\/wp-json\/wp\/v2\/users\/1"}],"replies":[{"embeddable":true,"href":"https:\/\/www.seriesseservice.com\/it\/wp-json\/wp\/v2\/comments?post=584"}],"version-history":[{"count":2,"href":"https:\/\/www.seriesseservice.com\/it\/wp-json\/wp\/v2\/pages\/584\/revisions"}],"predecessor-version":[{"id":1527,"href":"https:\/\/www.seriesseservice.com\/it\/wp-json\/wp\/v2\/pages\/584\/revisions\/1527"}],"up":[{"embeddable":true,"href":"https:\/\/www.seriesseservice.com\/it\/wp-json\/wp\/v2\/pages\/141"}],"wp:featuredmedia":[{"embeddable":true,"href":"https:\/\/www.seriesseservice.com\/it\/wp-json\/wp\/v2\/media\/531"}],"wp:attachment":[{"href":"https:\/\/www.seriesseservice.com\/it\/wp-json\/wp\/v2\/media?parent=584"}],"curies":[{"name":"wp","href":"https:\/\/api.w.org\/{rel}","templated":true}]}}