{"id":710,"date":"2024-10-08T13:56:53","date_gmt":"2024-10-08T12:56:53","guid":{"rendered":"https:\/\/www.seriesseservice.com\/sitotest\/?page_id=710"},"modified":"2024-10-08T13:57:43","modified_gmt":"2024-10-08T12:57:43","slug":"cookie-policy","status":"publish","type":"page","link":"https:\/\/www.seriesseservice.com\/it\/cookie-policy\/","title":{"rendered":"Cookie Policy"},"content":{"rendered":"<div id=\"pl-710\"  class=\"panel-layout\" ><div id=\"pg-710-0\"  class=\"panel-grid panel-has-style\" ><div class=\"panel-row-style panel-row-style-for-710-0\" ><div id=\"pgc-710-0-0\"  class=\"panel-grid-cell\" ><div id=\"panel-710-0-0-0\" class=\"so-panel widget widget_sow-editor panel-first-child panel-last-child\" data-index=\"0\" ><div\n\t\t\t\n\t\t\tclass=\"so-widget-sow-editor so-widget-sow-editor-base\"\n\t\t\t\n\t\t>\n<div class=\"siteorigin-widget-tinymce textwidget\">\n\t<p>&nbsp;<\/p>\n<h2>Cookies Policy<\/h2>\n<div>\n<h3 id=\"informativa-sull-utilizzo-dei-cookie-ai-sensi-dell-art-13-del-regolamento-ue-2016-679\">Informativa sull\u2019utilizzo dei cookie, ai sensi dell\u2019art. 13 del Regolamento (UE) 2016\/679<\/h3>\n<p>Su questo Sito usiamo tecnologie che raccolgono alcune informazioni sugli utenti, utili a migliorare l\u2019esperienza di navigazione e l\u2019usufruizione dei servizi offerti.<\/p>\n<p>Con la presente informativa intendiamo rappresentare agli utenti in che modo utilizziamo i i cookie e gli altri strumenti di tracciamento, spiegando quali sono le loro caratteristiche e come possono essere gestiti dagli utenti stessi, nel rispetto delle scelte personali di ciascuno.<\/p>\n<p>Ulteriori trattamenti di dati personali realizzati dal Titolare del trattamento, anche attraverso il presente Sito, non rientrano nell\u2019ambito di applicazione della presente informativa; si invita, pertanto, a visitare la sezione \u201cPrivacy\u201d per informazioni sulle attivit\u00e0 di trattamento di dati personali diverse e ulteriori rispetto a quelle effettuate attraverso i cookie.<\/p>\n<p>La presente informativa pu\u00f2 essere soggetta a cambiamenti: qualunque modifica avr\u00e0 effetto dalla data di pubblicazione sul Sito.<\/p>\n<h3 id=\"titolare-del-trattamento\">Titolare del trattamento<\/h3>\n<p><b>Seriesseservice Srls<\/b>&nbsp;con sede in Via duca degli Abruzzi 52 \u2013 00078 Roma, Telefono:, Email:seriesseservice@gmail.com, P.IVA:13530501009.<\/p>\n<h3 id=\"tipi-di-dati-trattati\">Tipi di dati trattati<\/h3>\n<p>I cookie sono file di testo che un sito internet invia ai terminali degli utenti (browser) che consentono al gestore del sito di riconoscere le singole visite eseguite dagli utenti.<\/p>\n<p>I cookie, solitamente presenti nei browser degli utenti in numero molto elevato e a volte anche con caratteristiche di ampia persistenza temporale, sono usati per differenti finalit\u00e0: esecuzione di autenticazioni informatiche, monitoraggio di sessioni, memorizzazione di informazioni su specifiche configurazioni riguardanti gli utenti che accedono al server, ecc.<\/p>\n<p>Nel corso della navigazione su un sito, l\u2019utente pu\u00f2 ricevere sul suo terminale anche cookie che vengono inviati da siti o da web server diversi (c.d. \u201cterze parti\u201d), sui quali possono risiedere alcuni elementi (quali, ad esempio, immagini, mappe, suoni, specifici link a pagine di altri domini) presenti sul sito che lo stesso sta visitando.<\/p>\n<h3 id=\"finalit\u00e0-del-trattamento-e-condizione-che-rende-lecito-il-trattamento\">Finalit\u00e0 del trattamento e condizione che rende lecito il trattamento<\/h3>\n<h3 id=\"1-impiego-di-cookie-necessari-alla-elaborazione-di-analisi-statistiche-e-tecnici-per-l-utilizzo-del-sito\">1. Impiego di cookie necessari alla elaborazione di analisi statistiche e tecnici per l\u2019utilizzo del sito<\/h3>\n<p>Utilizziamo cookie necessari alla elaborazione di analisi statistiche e tecnici per l\u2019utilizzo del sito.<\/p>\n<h3 id=\"finalit\u00e0-e-tipologie-dei-cookie\">Finalit\u00e0 e tipologie dei cookie<\/h3>\n<p>In base alla funzione e alla finalit\u00e0 di utilizzo, i cookie possono suddividersi nelle categorie di seguito dettagliate e descritte:<\/p>\n<\/div>\n<div>\n<h3 id=\"2-impiego-di-cookie-di-profilazione-pubblicitari\">2. Impiego di cookie di Profilazione\/Pubblicitari<\/h3>\n<p>Impiego delle piattaforme pubblicitarie Google AdWords e Facebook per pubblicizzare su siti Web di terzi i prodotti\/servizi proposti dal Titolare del Trattamento. L\u2019attivit\u00e0 di remarketing potrebbe consistere nella conduzione di campagne pubblicitarie, effettuate sulla pagina dei risultati di ricerca di Google, su un sito nella Rete Display di Google (Google Adsense) o all\u2019interno del socialnetwork Facebook, rivolta ai visitatori del sito che avranno concesso il consenso per tale finalit\u00e0. I fornitori di terze parti, tra cui Google e Facebook, utilizzano i cookie per pubblicare annunci in base alle precedenti visite effettuate nel nostro sito web. Ovviamente, tutti i dati raccolti verranno utilizzati in conformit&amp;AGRAVE; con la nostra politica sulla privacy, cos\u00ec come le politiche sulla privacy di Google e Facebook. L\u2019utente pu\u00f2, in qualsisai momento, revocare il consenso mediante gli strumenti messi a disposizione dal Titolare. Pu\u00f2, inoltre, opporsi in forma generale, alle campagne pubblicitarie di remarketing mediante i seguenti link:<\/p>\n<ul>\n<li>per Google: \u2013 https:\/\/support.google.com\/ads\/answer\/2662922?hl=it \u2013 https:\/\/adssettings.google.com\/authenticated?hl=it#display_optout<\/li>\n<li>per Facebook: \u2013 https:\/\/www.facebook.com\/ads\/website_custom_audiences\/.<\/li>\n<\/ul>\n<p><strong>Condizione Liceit\u00e0 Trattamento: Consenso \u2013 Art. 6, c.1, let. a. GDPR<\/strong><\/p>\n<p><strong>Finalit\u00e0 del trattamento:<\/strong><\/p>\n<ul>\n<li>Impiego di cookies di profilazione\/pubblicitari per la configurazione e gestione di campagne pubblicitarie svolte sulla piattaforma di Facebook e rete display Google.<\/li>\n<\/ul>\n<p><strong>Natura del conferimento:<\/strong>&nbsp;Facoltativa \u2013 Il mancato conferimento del consenso comporter\u00e0 l\u2019impossibilit\u00e0, per il Titolare del Trattamento, di promuovere i propri prodotti\/servizi su siti di terzi diversi da quello del Titolare.<\/p>\n<p><strong>Periodo conservazione dati personali:<\/strong>&nbsp;Il periodo di impiego del cookie di remarketing, impiegati da questo sito, \u00e8 pari a 30 gg per google adwords e 30 gg per il social Facebook.<\/p>\n<p><strong>Modalit\u00e0 del Trattamento:<\/strong>&nbsp;Il trattamento \u00e8 eseguito, prevalentemente, con strumenti informatici.<\/p>\n<h3 id=\"trasferimento-dati-extra-ue\">Trasferimento dati Extra UE<\/h3>\n<p>I dati personali sono trattati anche fuori dall\u2019Unione Europea presso: Paesi fuori dallo SEE. Le condizioni di garanzia per il trasferimento sono: Clausole Tipo e Clausole contrattuali ad hoc (Art. 46 GDPR). Per ottenere una copia delle condizioni di garanzia o dettagli su dove sono disponibili, e\u2019 possibile inviare una richiesta ai recapiti del Titolare del Trattamento.<\/p>\n<h3 id=\"destinatari-dei-dati\">Destinatari dei dati<\/h3>\n<ul>\n<li><strong>Responsabile del Trattamento:<\/strong>&nbsp;Servizi Cloud<\/li>\n<\/ul>\n<h3 id=\"modalit\u00e0-di-gestione-dei-cookies\">Modalit\u00e0 di gestione dei cookies<\/h3>\n<p>In ogni caso, il Titolare La informa che Lei potr\u00e0 impedire l\u2019installazione di qualsiasi tipologia di cookie tramite le impostazioni del Suo browser.<br \/>\nTuttavia, nel caso in cui Lei scelga di eliminare o rifiutare i cookie di sessione e di sicurezza, il Titolare del Trattamento non potr\u00e0, per motivi tecnici, di sicurezza e\/o di prevenzione delle frodi, erogare i servizi presenti sul sito web.<br \/>\nLa informiamo, inoltre, che \u00e8 sempre possibile cancellare i cookie installati sul Suo dispositivo tramite le impostazioni del Suo browser.<br \/>\nAl fine di verificare come impedire l\u2019installazione dei cookie o cancellare i cookie gi\u00e0 presenti sul Suo dispositivo, il Titolare La invita a visionare le seguenti istruzioni a seconda del browser da Lei utilizzato.<\/p>\n<p><strong>Chrome<\/strong><\/p>\n<ol>\n<li>Aprire Chrome sul computer.<\/li>\n<li>Cliccare su Altro Impostazioni in alto a destra.<\/li>\n<li>Scorrere il testo e in fondo cliccare su Avanzate.<\/li>\n<li>Cliccare su Impostazioni contenuti nella sezione \u201cPrivacy e sicurezza\u201d.<\/li>\n<li>Cliccare su Cookie.<\/li>\n<li>Da qui Lei pu\u00f2:\n<ul>\n<li>Attivare i cookie: attivare l\u2019opzione accanto a \u201cBloccati\u201d.<\/li>\n<li>Disattivare i cookie: disattivare l\u2019opzione&nbsp;<strong>Consenti ai siti di salvare e leggere i dati dei cookie<\/strong>.<\/li>\n<\/ul>\n<\/li>\n<\/ol>\n<p>Per maggiori informazioni visitare la pagina&nbsp;<a href=\"https:\/\/support.google.com\/accounts\/answer\/61416?hl=it\" target=\"_blank\" rel=\"noopener\">https:\/\/support.google.com\/accounts\/answer\/61416?hl=it<\/a><\/p>\n<p><strong>Mozilla Firefox<\/strong><\/p>\n<ol>\n<li>Eseguire il Browser Mozilla Firefox<\/li>\n<li>Fare click sul men\u00f9 presente nella barra degli strumenti del browser a fianco della finestra di inserimento url per la navigazione<\/li>\n<li>Selezionare il men\u00f9 Opzioni<\/li>\n<li>Selezionare il pannello Privacy e Sicurezza<\/li>\n<li>Spostarsi alla sezione Cronologia<\/li>\n<li>Alla voce Impostazioni cronologia: selezionare utilizza impostazioni personalizzate<\/li>\n<li>Per attivare i cookie, contrassegnare la voce Accetta i cookie dai siti web; per disattivarli togliere il contrassegno dalla voce.<\/li>\n<\/ol>\n<p>Per maggiori informazioni visitare la pagina&nbsp;<a href=\"https:\/\/support.mozilla.org\/it\/kb\/Attivare%20e%20disattivare%20i%20cookie\" target=\"_blank\" rel=\"noopener\">https:\/\/support.mozilla.org\/it\/kb\/Attivare%20e%20disattivare%20i%20cookie<\/a><\/p>\n<p><strong>Internet Explorer<\/strong><\/p>\n<ol>\n<li>In Internet Explorer selezionare il pulsante Strumenti e quindi selezionare Opzioni Internet.<\/li>\n<li>Selezionare la scheda Privacy, in Impostazioni selezionare Avanzate e sceglire se si vuol consentire, bloccare o ricevere una richiesta per i cookie proprietari o di terze parti.<\/li>\n<\/ol>\n<p>Per maggiori informazioni visitare la pagina&nbsp;<a href=\"https:\/\/support.microsoft.com\/it-it\/help\/17442\/windows-internet-explorer-delete-manage-cookies\" target=\"_blank\" rel=\"noopener\">https:\/\/support.microsoft.com\/it-it\/help\/17442\/windows-internet-explorer-delete-manage-cookies<\/a><\/p>\n<p><strong>Safari 6<\/strong><\/p>\n<ol>\n<li>Eseguire il Browser Safari.<\/li>\n<li>Cliccare su Safari, selezionare Preferenze e premere su Privacy.<\/li>\n<li>Nella sezione Blocca Cookie specificare come Safari deve accettare i cookie dai siti internet.<\/li>\n<li>Per visionare quali siti hanno immagazzinato i cookie cliccare su Dettagli.<\/li>\n<\/ol>\n<p>Per maggiori informazioni visitare la pagina&nbsp;<a href=\"https:\/\/support.apple.com\/it-it\/guide\/safari\/sfri11471\/mac\" target=\"_blank\" rel=\"noopener\">https:\/\/support.apple.com\/it-it\/guide\/safari\/sfri11471\/mac<\/a><\/p>\n<p><strong>Safari iOS (dispositivi mobile)<\/strong><\/p>\n<p>Per scegliere il blocco dei cookie da parte di Safari, selezionare Impostazioni &gt; Safari &gt; Blocca tutti i cookie.<br \/>\nPer maggiori informazioni visitare la pagina&nbsp;<a href=\"https:\/\/support.apple.com\/it-it\/HT201265\" target=\"_blank\" rel=\"noopener\">https:\/\/support.apple.com\/it-it\/HT201265<\/a><\/p>\n<p><strong>Opera<\/strong><\/p>\n<ol>\n<li>Eseguire il Browser Opera<\/li>\n<li>Cliccare sul Preferenze poi su Avanzate e infine su Cookie<\/li>\n<li>Selezionare una delle seguenti opzioni:\n<ul>\n<li>Accetta tutti i cookie<\/li>\n<li>Accetta i cookie solo dal sito che si visita: i cookie di terze parti e quelli che vengono inviati da un dominio diverso da quello che si sta visitando verranno rifiutati<\/li>\n<li>Non accettare mai i cookie: tutti i cookie non verranno mai salvati.<\/li>\n<\/ul>\n<\/li>\n<\/ol>\n<p>Per maggiori informazioni visitare la pagina&nbsp;<a href=\"https:\/\/blogs.opera.com\/news\/2015\/08\/how-to-manage-cookies-in-opera\" target=\"_blank\" rel=\"noopener\">https:\/\/blogs.opera.com\/news\/2015\/08\/how-to-manage-cookies-in-opera<\/a><\/p>\n<p>Per ulteriori approfondimenti su come gestire o disabilitare i cookie di terze parti \u00e8 possibile visitare il sito&nbsp;<a href=\"https:\/\/www.youronlinechoices.com\/\" target=\"_blank\" rel=\"noopener\">www.youronlinechoices.com<\/a><br \/>\nL\u2019utente pu\u00f2, in qualsisai momento, revocare il consenso mediante gli strumenti messi a disposizione dal Titolare.<\/p>\n<h3 id=\"diritti-dell-interessato-reclamo-all-autorit\u00e0-di-controllo\">Diritti dell\u2019interessato \u2013 Reclamo all\u2019autorit\u00e0 di controllo<\/h3>\n<p>In relazione ai trattamenti descritti nella presente Informativa, in qualit\u00e0 di interessato Lei potr\u00e0, alle condizioni previste dal GDPR, esercitare i diritti sanciti dagli articoli da 15 a 22 del GDPR e, in particolare, i seguenti diritti:<\/p>\n<ul>\n<li><strong>diritto di accesso<\/strong>&nbsp;\u2013 articolo 15 GDPR: diritto di ottenere conferma che sia o meno in corso un trattamento di dati personali che La riguardano e, in tal caso, ottenere l\u2019accesso ai Suoi dati personali;<\/li>\n<li><strong>diritto di rettifica:<\/strong>&nbsp;\u2013 articolo 16 GDPR: diritto di ottenere, senza ingiustificato ritardo, la rettifica dei dati personali inesatti che La riguardano e\/o l\u2019integrazione dei dati personali incompleti;<\/li>\n<li><strong>diritto alla cancellazione (diritto all\u2019oblio):<\/strong>&nbsp;\u2013 articolo 17 GDPR: diritto di ottenere, senza ingiustificato ritardo, la cancellazione dei dati personali che La riguardano. Il diritto alla cancellazione non si applica nella misura in cui il trattamento sia necessario per l\u2019adempimento di un obbligo legale o per l\u2019esecuzione di un compito svolto nel pubblico interesse o per l\u2019accertamento, l\u2019esercizio o la difesa di un diritto in sede giudiziaria.<\/li>\n<li><strong>diritto di limitazione di trattamento:<\/strong>&nbsp;\u2013 articolo 18 GDPR: diritto di ottenere la limitazione del trattamento, quando: a) l\u2019interessato contesta l\u2019esattezza dei dati personali; b) il trattamento \u00e8 illecito e l\u2019interessato si oppone alla cancellazione dei dati personali e chiede invece che ne sia limitato l\u2019utilizzo ; c) i dati personali sono necessari all\u2019interessato per l\u2019accertamento, l\u2019esercizio o la difesa di un diritto in sede giudiziaria; d) l\u2019interessato si \u00e8 opposto al trattamento in attesa della verifica in merito all\u2019eventuale prevalenza dei motivi legittimi del titolare del trattamento rispetto a quelli dell\u2019interessato;<\/li>\n<li><strong>diritto alla portabilit\u00e0 dei dati:<\/strong>&nbsp;\u2013 articolo 20 GDPR: diritto di ricevere, in un formato strutturato, di uso comune e leggibile da un dispositivo automatico, i dati personali che La riguardano forniti al Titolare e il diritto di trasmetterli a un altro titolare senza impedimenti, qualora il trattamento si basi sul consenso e sia effettuato con mezzi automatizzati. Inoltre, il diritto di ottenere che i Suoi dati personali siano trasmessi direttamente da questo titolare ad altro titolare qualora ci\u00f2 sia tecnicamente fattibile;<\/li>\n<li><strong>diritto di opposizione:<\/strong>&nbsp;\u2013 articolo 21 GDPR: diritto di opporsi, in qualsiasi momento, al trattamento dei dati personali che La riguardano basati sulla condizione di legittimit\u00e0 del legittimo interesse, compresa la profilazione, salvo che sussistano motivi legittimi per il Titolare di continuare il trattamento che prevalgono sugli interessi, sui diritti e sulle libert\u00e0 dell\u2019interessato oppure per l\u2019accertamento, l\u2019esercizio o la difesa di un diritto in sede giudiziaria;<\/li>\n<li><strong>diritto a non essere sottoposto a un processo decisionale automatizzato:<\/strong>&nbsp;\u2013 articolo 22 GDPR: l\u2019interessato ha il diritto di non essere sottoposto a una decisione basata unicamente sul trattamento automatizzato, compresa la profilazione, che produca effetti giuridici che lo riguardano o che incida in modo analogo significativamente sulla sua persona, salvo che ci\u00f2 sia necessario per la conclusione o esecuzione di un contratto o Lei abbia rilasciato il Suo consenso. In ogni caso, un processo decisionale automatizzato non potr\u00e0 riguardare i Suoi dati personali e Lei potr\u00e0 in ogni momento ottenere l\u2019intervento umano da parte del titolare del trattamento, esprimere la propria opinione e contestare la decisione;<\/li>\n<li><strong>diritto di proporre reclamo<\/strong>&nbsp;all\u2019Autorit\u00e0 Garante per la protezione dei dati personali:&nbsp;<a href=\"http:\/\/www.garanteprivacy.it\/\" target=\"_blank\" rel=\"noopener\">http:\/\/www.garanteprivacy.it<\/a>;<\/li>\n<li><strong>revocare il consenso<\/strong>&nbsp;prestato in ogni occasione e con la stessa facilit\u00e0 con cui \u00e8 stato fornito senza pregiudicare la liceit\u00e0 del trattamento basata sul consenso prestato prima della revoca;<\/li>\n<\/ul>\n<p>I diritti di cui sopra potranno essere esercitati, nei confronti del Titolare, contattando i riferimenti sopra indicati.<\/p>\n<p>L\u2019esercizio dei Suoi diritti in qualit\u00e0 di interessato \u00e8 gratuito ai sensi dell\u2019articolo 12 GDPR. Tuttavia, nel caso di richieste manifestamente infondate o eccessive, anche per la loro ripetitivit\u00e0, il Titolare potrebbe addebitarle un contributo spese ragionevole, alla luce dei costi amministrativi sostenuti per gestire la Sua richiesta, o negare la soddisfazione della sua richiesta.<\/p>\n<p>La informiamo, infine, che il Titolare potr\u00e0 richiedere ulteriori informazioni necessarie a confermare l\u2019identit\u00e0 dell\u2019interessato.<\/p>\n<\/div>\n<\/div>\n<\/div><\/div><\/div><\/div><\/div><\/div>","protected":false},"excerpt":{"rendered":"<p>&nbsp; Cookies Policy Informativa sull\u2019utilizzo dei cookie, ai sensi dell\u2019art. 13 del Regolamento (UE) 2016\/679<a href=\"https:\/\/www.seriesseservice.com\/it\/cookie-policy\/\"> &#8230;<\/a><\/p>\n","protected":false},"author":1,"featured_media":0,"parent":0,"menu_order":0,"comment_status":"closed","ping_status":"closed","template":"","meta":{"footnotes":""},"class_list":["post-710","page","type-page","status-publish","hentry"],"yoast_head":"<!-- This site is optimized with the Yoast SEO plugin v27.5 - https:\/\/yoast.com\/product\/yoast-seo-wordpress\/ -->\n<title>Cookie Policy | SeriesseService<\/title>\n<meta name=\"robots\" content=\"index, follow, max-snippet:-1, max-image-preview:large, max-video-preview:-1\" \/>\n<link rel=\"canonical\" href=\"https:\/\/www.seriesseservice.com\/it\/cookie-policy\/\" \/>\n<meta property=\"og:locale\" content=\"it_IT\" \/>\n<meta property=\"og:type\" content=\"article\" \/>\n<meta property=\"og:title\" content=\"Cookie Policy | SeriesseService\" \/>\n<meta property=\"og:description\" content=\"&nbsp; Cookies Policy Informativa sull\u2019utilizzo dei cookie, ai sensi dell\u2019art. 13 del Regolamento (UE) 2016\/679 ...\" \/>\n<meta property=\"og:url\" content=\"https:\/\/www.seriesseservice.com\/it\/cookie-policy\/\" \/>\n<meta property=\"og:site_name\" content=\"SeriesseService\" \/>\n<meta property=\"article:modified_time\" content=\"2024-10-08T12:57:43+00:00\" \/>\n<meta property=\"og:image\" content=\"https:\/\/www.seriesseservice.com\/wp-content\/uploads\/2024\/10\/header24a4.jpg\" \/>\n\t<meta property=\"og:image:width\" content=\"1920\" \/>\n\t<meta property=\"og:image:height\" content=\"814\" \/>\n\t<meta property=\"og:image:type\" content=\"image\/jpeg\" \/>\n<meta name=\"twitter:card\" content=\"summary_large_image\" \/>\n<meta name=\"twitter:label1\" content=\"Tempo di lettura stimato\" \/>\n\t<meta name=\"twitter:data1\" content=\"10 minuti\" \/>\n<script type=\"application\/ld+json\" class=\"yoast-schema-graph\">{\"@context\":\"https:\\\/\\\/schema.org\",\"@graph\":[{\"@type\":\"WebPage\",\"@id\":\"https:\\\/\\\/www.seriesseservice.com\\\/it\\\/cookie-policy\\\/\",\"url\":\"https:\\\/\\\/www.seriesseservice.com\\\/it\\\/cookie-policy\\\/\",\"name\":\"Cookie Policy | SeriesseService\",\"isPartOf\":{\"@id\":\"https:\\\/\\\/www.seriesseservice.com\\\/it\\\/#website\"},\"datePublished\":\"2024-10-08T12:56:53+00:00\",\"dateModified\":\"2024-10-08T12:57:43+00:00\",\"breadcrumb\":{\"@id\":\"https:\\\/\\\/www.seriesseservice.com\\\/it\\\/cookie-policy\\\/#breadcrumb\"},\"inLanguage\":\"it-IT\",\"potentialAction\":[{\"@type\":\"ReadAction\",\"target\":[\"https:\\\/\\\/www.seriesseservice.com\\\/it\\\/cookie-policy\\\/\"]}]},{\"@type\":\"BreadcrumbList\",\"@id\":\"https:\\\/\\\/www.seriesseservice.com\\\/it\\\/cookie-policy\\\/#breadcrumb\",\"itemListElement\":[{\"@type\":\"ListItem\",\"position\":1,\"name\":\"Luxury Car Rental\",\"item\":\"https:\\\/\\\/www.seriesseservice.com\\\/it\\\/\"},{\"@type\":\"ListItem\",\"position\":2,\"name\":\"Cookie Policy\"}]},{\"@type\":\"WebSite\",\"@id\":\"https:\\\/\\\/www.seriesseservice.com\\\/it\\\/#website\",\"url\":\"https:\\\/\\\/www.seriesseservice.com\\\/it\\\/\",\"name\":\"SeriesseService - Luxury car rental\",\"description\":\"Luxury car rental in Europe\",\"publisher\":{\"@id\":\"https:\\\/\\\/www.seriesseservice.com\\\/it\\\/#organization\"},\"potentialAction\":[{\"@type\":\"SearchAction\",\"target\":{\"@type\":\"EntryPoint\",\"urlTemplate\":\"https:\\\/\\\/www.seriesseservice.com\\\/it\\\/?s={search_term_string}\"},\"query-input\":{\"@type\":\"PropertyValueSpecification\",\"valueRequired\":true,\"valueName\":\"search_term_string\"}}],\"inLanguage\":\"it-IT\"},{\"@type\":\"Organization\",\"@id\":\"https:\\\/\\\/www.seriesseservice.com\\\/it\\\/#organization\",\"name\":\"SeriesseService - Luxury car rental\",\"url\":\"https:\\\/\\\/www.seriesseservice.com\\\/it\\\/\",\"logo\":{\"@type\":\"ImageObject\",\"inLanguage\":\"it-IT\",\"@id\":\"https:\\\/\\\/www.seriesseservice.com\\\/it\\\/#\\\/schema\\\/logo\\\/image\\\/\",\"url\":\"https:\\\/\\\/www.seriesseservice.com\\\/wp-content\\\/uploads\\\/2024\\\/10\\\/logo-hight.png\",\"contentUrl\":\"https:\\\/\\\/www.seriesseservice.com\\\/wp-content\\\/uploads\\\/2024\\\/10\\\/logo-hight.png\",\"width\":1098,\"height\":152,\"caption\":\"SeriesseService - Luxury car rental\"},\"image\":{\"@id\":\"https:\\\/\\\/www.seriesseservice.com\\\/it\\\/#\\\/schema\\\/logo\\\/image\\\/\"}}]}<\/script>\n<!-- \/ Yoast SEO plugin. -->","yoast_head_json":{"title":"Cookie Policy | SeriesseService","robots":{"index":"index","follow":"follow","max-snippet":"max-snippet:-1","max-image-preview":"max-image-preview:large","max-video-preview":"max-video-preview:-1"},"canonical":"https:\/\/www.seriesseservice.com\/it\/cookie-policy\/","og_locale":"it_IT","og_type":"article","og_title":"Cookie Policy | SeriesseService","og_description":"&nbsp; Cookies Policy Informativa sull\u2019utilizzo dei cookie, ai sensi dell\u2019art. 13 del Regolamento (UE) 2016\/679 ...","og_url":"https:\/\/www.seriesseservice.com\/it\/cookie-policy\/","og_site_name":"SeriesseService","article_modified_time":"2024-10-08T12:57:43+00:00","og_image":[{"width":1920,"height":814,"url":"https:\/\/www.seriesseservice.com\/wp-content\/uploads\/2024\/10\/header24a4.jpg","type":"image\/jpeg"}],"twitter_card":"summary_large_image","twitter_misc":{"Tempo di lettura stimato":"10 minuti"},"schema":{"@context":"https:\/\/schema.org","@graph":[{"@type":"WebPage","@id":"https:\/\/www.seriesseservice.com\/it\/cookie-policy\/","url":"https:\/\/www.seriesseservice.com\/it\/cookie-policy\/","name":"Cookie Policy | SeriesseService","isPartOf":{"@id":"https:\/\/www.seriesseservice.com\/it\/#website"},"datePublished":"2024-10-08T12:56:53+00:00","dateModified":"2024-10-08T12:57:43+00:00","breadcrumb":{"@id":"https:\/\/www.seriesseservice.com\/it\/cookie-policy\/#breadcrumb"},"inLanguage":"it-IT","potentialAction":[{"@type":"ReadAction","target":["https:\/\/www.seriesseservice.com\/it\/cookie-policy\/"]}]},{"@type":"BreadcrumbList","@id":"https:\/\/www.seriesseservice.com\/it\/cookie-policy\/#breadcrumb","itemListElement":[{"@type":"ListItem","position":1,"name":"Luxury Car Rental","item":"https:\/\/www.seriesseservice.com\/it\/"},{"@type":"ListItem","position":2,"name":"Cookie Policy"}]},{"@type":"WebSite","@id":"https:\/\/www.seriesseservice.com\/it\/#website","url":"https:\/\/www.seriesseservice.com\/it\/","name":"SeriesseService - Luxury car rental","description":"Luxury car rental in Europe","publisher":{"@id":"https:\/\/www.seriesseservice.com\/it\/#organization"},"potentialAction":[{"@type":"SearchAction","target":{"@type":"EntryPoint","urlTemplate":"https:\/\/www.seriesseservice.com\/it\/?s={search_term_string}"},"query-input":{"@type":"PropertyValueSpecification","valueRequired":true,"valueName":"search_term_string"}}],"inLanguage":"it-IT"},{"@type":"Organization","@id":"https:\/\/www.seriesseservice.com\/it\/#organization","name":"SeriesseService - Luxury car rental","url":"https:\/\/www.seriesseservice.com\/it\/","logo":{"@type":"ImageObject","inLanguage":"it-IT","@id":"https:\/\/www.seriesseservice.com\/it\/#\/schema\/logo\/image\/","url":"https:\/\/www.seriesseservice.com\/wp-content\/uploads\/2024\/10\/logo-hight.png","contentUrl":"https:\/\/www.seriesseservice.com\/wp-content\/uploads\/2024\/10\/logo-hight.png","width":1098,"height":152,"caption":"SeriesseService - Luxury car rental"},"image":{"@id":"https:\/\/www.seriesseservice.com\/it\/#\/schema\/logo\/image\/"}}]}},"_links":{"self":[{"href":"https:\/\/www.seriesseservice.com\/it\/wp-json\/wp\/v2\/pages\/710","targetHints":{"allow":["GET"]}}],"collection":[{"href":"https:\/\/www.seriesseservice.com\/it\/wp-json\/wp\/v2\/pages"}],"about":[{"href":"https:\/\/www.seriesseservice.com\/it\/wp-json\/wp\/v2\/types\/page"}],"author":[{"embeddable":true,"href":"https:\/\/www.seriesseservice.com\/it\/wp-json\/wp\/v2\/users\/1"}],"replies":[{"embeddable":true,"href":"https:\/\/www.seriesseservice.com\/it\/wp-json\/wp\/v2\/comments?post=710"}],"version-history":[{"count":1,"href":"https:\/\/www.seriesseservice.com\/it\/wp-json\/wp\/v2\/pages\/710\/revisions"}],"predecessor-version":[{"id":711,"href":"https:\/\/www.seriesseservice.com\/it\/wp-json\/wp\/v2\/pages\/710\/revisions\/711"}],"wp:attachment":[{"href":"https:\/\/www.seriesseservice.com\/it\/wp-json\/wp\/v2\/media?parent=710"}],"curies":[{"name":"wp","href":"https:\/\/api.w.org\/{rel}","templated":true}]}}